{"id":1136,"date":"2025-12-14T15:46:04","date_gmt":"2025-12-14T14:46:04","guid":{"rendered":"https:\/\/mapakompresory.pl\/?page_id=1136"},"modified":"2025-12-14T19:52:39","modified_gmt":"2025-12-14T18:52:39","slug":"zbiorniki","status":"publish","type":"page","link":"https:\/\/mapakompresory.pl\/?page_id=1136","title":{"rendered":"Zbiorniki"},"content":{"rendered":"\n  <div id=\"page-header-560837122\" class=\"page-header-wrapper\">\n  <div class=\"page-title dark featured-title\">\n\n        <div class=\"page-title-bg\">\n      <div class=\"title-bg fill bg-fill\"\n        data-parallax-container=\".page-title\"\n        data-parallax-background\n        data-parallax=\"-\">\n      <\/div>\n      <div class=\"title-overlay fill\"><\/div>\n    <\/div>\n    \n    <div class=\"page-title-inner container align-center flex-row medium-flex-wrap\" >\n              <div class=\"title-wrapper uppercase is-larger flex-col text-left medium-text-center\">\n          <h1 class=\"entry-title mb-0\">\n            Zbiorniki spr\u0119\u017conego powietrza-nowe i u\u017cywane          <\/h1>\n        <\/div>\n                    <div class=\"title-content flex-col flex-right text-right medium-text-center\">\n        <div class=\"title-breadcrumbs pb-half pt-half\"><\/div>      <\/div>\n    <\/div>\n\n     \n<style>\n#page-header-560837122 .page-title-inner {\n  min-height: 239px;\n}\n#page-header-560837122 {\n  margin-bottom: 0px;\n}\n#page-header-560837122 .title-bg {\n  background-image: url(https:\/\/mapakompresory.pl\/wp-content\/uploads\/2025\/12\/IMG_6023-scaled.jpg);\n  background-position: 48% 35%;\n}\n<\/style>\n  <\/div>\n    <\/div>\n  \n\n<p>Oferujemy <strong data-start=\"955\" data-end=\"1004\">zbiorniki spr\u0119\u017conego powietrza nowe i u\u017cywane<\/strong> dla przemys\u0142u, warsztat\u00f3w i firm produkcyjnych.<br data-start=\"1052\" data-end=\"1055\" \/>Jeste\u015bmy firm\u0105 z Bia\u0142egostoku-dzia\u0142amy lokalnie i og\u00f3lnopolsko, zapewniaj\u0105c doradztwo, transport i ewentualny monta\u017c zbiornik\u00f3w ci\u015bnieniowych.<\/p>\n<p>Oferujemy:<\/p>\n<ul>\n<li data-start=\"1243\" data-end=\"1282\">zbiorniki spr\u0119\u017conego powietrza <strong data-start=\"1274\" data-end=\"1282\">nowe<\/strong><\/li>\n<li data-start=\"1285\" data-end=\"1327\">zbiorniki spr\u0119\u017conego powietrza <strong data-start=\"1316\" data-end=\"1327\">u\u017cywane<\/strong><\/li>\n<li data-start=\"1330\" data-end=\"1378\">pojemno\u015bci od 40l do 6000l<\/li>\n<li>odpowiedni\u0105 armatur\u0119 do zbiornika\u00a0<\/li>\n<li>zawory bezpiecze\u0144stwa<\/li>\n<li>spusty kondensatu<\/li>\n<li>dokumentacje dla UDT<\/li>\n<li data-start=\"1381\" data-end=\"1408\">zbiorniki pionowe i poziome<\/li>\n<li data-start=\"1411\" data-end=\"1448\">zbiorniki do instalacji spr\u0119\u017carkowych<\/li>\n<\/ul>\n<p>Oferowane przez nas <strong data-start=\"1567\" data-end=\"1600\">u\u017cywane zbiorniki ci\u015bnieniowe<\/strong> s\u0105 sprawdzane pod wzgl\u0119dem technicznym i przygotowane do dalszej eksploatacji.<br data-start=\"1679\" data-end=\"1682\" \/>Pomagamy r\u00f3wnie\u017c w doborze zbiornika do istniej\u0105cej instalacji spr\u0119\u017conego powietrza.<\/p>\n<div class=\"row\"  id=\"row-1220548374\">\n\n\n\t<div id=\"col-1152377263\" class=\"col medium-4 small-12 large-4\"  >\n\t\t\t\t<div class=\"col-inner\"  >\n\t\t\t\n\t\t\t\n\n\t<div class=\"img has-hover x md-x lg-x y md-y lg-y\" id=\"image_691637083\">\n\t\t\t\t\t\t\t\t<div class=\"img-inner dark\" >\n\t\t\t<img loading=\"lazy\" decoding=\"async\" width=\"525\" height=\"700\" src=\"https:\/\/mapakompresory.pl\/wp-content\/uploads\/2025\/12\/zbiornik.webp\" class=\"attachment-large size-large\" alt=\"\" srcset=\"https:\/\/mapakompresory.pl\/wp-content\/uploads\/2025\/12\/zbiornik.webp 525w, https:\/\/mapakompresory.pl\/wp-content\/uploads\/2025\/12\/zbiornik-225x300.webp 225w\" sizes=\"(max-width: 525px) 100vw, 525px\" \/>\t\t\t\t\t\t\n\t\t\t\t\t<\/div>\n\t\t\t\t\t\t\t\t\n<style>\n#image_691637083 {\n  width: 100%;\n}\n<\/style>\n\t<\/div>\n\t\n\n\n\t\t<\/div>\n\t\t\t\t\t<\/div>\n\n\t\n\n\t<div id=\"col-22385200\" class=\"col medium-4 small-12 large-4\"  >\n\t\t\t\t<div class=\"col-inner\"  >\n\t\t\t\n\t\t\t\n\n\t<div class=\"img has-hover x md-x lg-x y md-y lg-y\" id=\"image_593940427\">\n\t\t\t\t\t\t\t\t<div class=\"img-inner dark\" >\n\t\t\t<img loading=\"lazy\" decoding=\"async\" width=\"768\" height=\"1024\" src=\"https:\/\/mapakompresory.pl\/wp-content\/uploads\/2025\/12\/IMG_6337-768x1024.jpg\" class=\"attachment-large size-large\" alt=\"\" srcset=\"https:\/\/mapakompresory.pl\/wp-content\/uploads\/2025\/12\/IMG_6337-768x1024.jpg 768w, https:\/\/mapakompresory.pl\/wp-content\/uploads\/2025\/12\/IMG_6337-225x300.jpg 225w, https:\/\/mapakompresory.pl\/wp-content\/uploads\/2025\/12\/IMG_6337-1152x1536.jpg 1152w, https:\/\/mapakompresory.pl\/wp-content\/uploads\/2025\/12\/IMG_6337-1536x2048.jpg 1536w, https:\/\/mapakompresory.pl\/wp-content\/uploads\/2025\/12\/IMG_6337-scaled.jpg 1920w\" sizes=\"(max-width: 768px) 100vw, 768px\" \/>\t\t\t\t\t\t\n\t\t\t\t\t<\/div>\n\t\t\t\t\t\t\t\t\n<style>\n#image_593940427 {\n  width: 100%;\n}\n<\/style>\n\t<\/div>\n\t\n\n\n\t\t<\/div>\n\t\t\t\t\t<\/div>\n\n\t\n\n\t<div id=\"col-1233937084\" class=\"col medium-4 small-12 large-4\"  >\n\t\t\t\t<div class=\"col-inner\"  >\n\t\t\t\n\t\t\t\n\n\t<div class=\"img has-hover x md-x lg-x y md-y lg-y\" id=\"image_511370352\">\n\t\t\t\t\t\t\t\t<div class=\"img-inner dark\" >\n\t\t\t<img loading=\"lazy\" decoding=\"async\" width=\"768\" height=\"1024\" src=\"https:\/\/mapakompresory.pl\/wp-content\/uploads\/2025\/12\/IMG_3102-768x1024.jpg\" class=\"attachment-large size-large\" alt=\"\" srcset=\"https:\/\/mapakompresory.pl\/wp-content\/uploads\/2025\/12\/IMG_3102-768x1024.jpg 768w, https:\/\/mapakompresory.pl\/wp-content\/uploads\/2025\/12\/IMG_3102-225x300.jpg 225w, https:\/\/mapakompresory.pl\/wp-content\/uploads\/2025\/12\/IMG_3102-1152x1536.jpg 1152w, https:\/\/mapakompresory.pl\/wp-content\/uploads\/2025\/12\/IMG_3102-1536x2048.jpg 1536w, https:\/\/mapakompresory.pl\/wp-content\/uploads\/2025\/12\/IMG_3102-scaled.jpg 1920w\" sizes=\"(max-width: 768px) 100vw, 768px\" \/>\t\t\t\t\t\t\n\t\t\t\t\t<\/div>\n\t\t\t\t\t\t\t\t\n<style>\n#image_511370352 {\n  width: 100%;\n}\n<\/style>\n\t<\/div>\n\t\n\n\n\t\t<\/div>\n\t\t\t\t\t<\/div>\n\n\t\n\n<\/div>\n\n","protected":false},"excerpt":{"rendered":"","protected":false},"author":1,"featured_media":0,"parent":0,"menu_order":0,"comment_status":"closed","ping_status":"closed","template":"","meta":{"footnotes":""},"_links":{"self":[{"href":"https:\/\/mapakompresory.pl\/index.php?rest_route=\/wp\/v2\/pages\/1136"}],"collection":[{"href":"https:\/\/mapakompresory.pl\/index.php?rest_route=\/wp\/v2\/pages"}],"about":[{"href":"https:\/\/mapakompresory.pl\/index.php?rest_route=\/wp\/v2\/types\/page"}],"author":[{"embeddable":true,"href":"https:\/\/mapakompresory.pl\/index.php?rest_route=\/wp\/v2\/users\/1"}],"replies":[{"embeddable":true,"href":"https:\/\/mapakompresory.pl\/index.php?rest_route=%2Fwp%2Fv2%2Fcomments&post=1136"}],"version-history":[{"count":9,"href":"https:\/\/mapakompresory.pl\/index.php?rest_route=\/wp\/v2\/pages\/1136\/revisions"}],"predecessor-version":[{"id":1150,"href":"https:\/\/mapakompresory.pl\/index.php?rest_route=\/wp\/v2\/pages\/1136\/revisions\/1150"}],"wp:attachment":[{"href":"https:\/\/mapakompresory.pl\/index.php?rest_route=%2Fwp%2Fv2%2Fmedia&parent=1136"}],"curies":[{"name":"wp","href":"https:\/\/api.w.org\/{rel}","templated":true}]}}