{"id":347,"date":"2021-09-28T23:04:09","date_gmt":"2021-09-28T21:04:09","guid":{"rendered":"http:\/\/serwer2037619.home.pl\/serwer2037619\/?page_id=347"},"modified":"2023-11-23T14:49:17","modified_gmt":"2023-11-23T13:49:17","slug":"wynajem","status":"publish","type":"page","link":"https:\/\/mapakompresory.pl\/?page_id=347","title":{"rendered":"Wynajem"},"content":{"rendered":"\n\t<section class=\"section\" id=\"section_354756200\">\n\t\t<div class=\"bg section-bg fill bg-fill  bg-loaded\" >\n\n\t\t\t\n\t\t\t\n\t\t\t\n\n\t\t<\/div>\n\n\t\t\n\n\t\t<div class=\"section-content relative\">\n\t\t\t\n\n<div class=\"row row-collapse row-full-width align-middle\"  id=\"row-1758854665\">\n\n\n\t<div id=\"col-72207957\" class=\"col medium-4 small-12 large-4\"  >\n\t\t\t\t<div class=\"col-inner\"  >\n\t\t\t\n\t\t\t\n\n\n  <div class=\"banner has-hover\" id=\"banner-212045051\">\n          <div class=\"banner-inner fill\">\n        <div class=\"banner-bg fill\" >\n            <div class=\"bg fill bg-fill \"><\/div>\n                                    \n                    <\/div>\n\t\t\n        <div class=\"banner-layers container\">\n            <div class=\"fill banner-link\"><\/div>            \n\n   <div id=\"text-box-641710279\" class=\"text-box banner-layer x50 md-x50 lg-x50 y50 md-y50 lg-y50 res-text\">\n                                <div class=\"text-box-content text dark\">\n              \n              <div class=\"text-inner text-center\">\n                  \n\n\n              <\/div>\n           <\/div>\n                            \n<style>\n#text-box-641710279 {\n  width: 60%;\n}\n#text-box-641710279 .text-box-content {\n  font-size: 100%;\n}\n@media (min-width:550px) {\n  #text-box-641710279 {\n    width: 60%;\n  }\n}\n<\/style>\n    <\/div>\n \n\n        <\/div>\n      <\/div>\n\n            \n<style>\n#banner-212045051 {\n  padding-top: 350px;\n  background-color: rgba(255, 255, 255, 0);\n}\n#banner-212045051 .bg.bg-loaded {\n  background-image: url(https:\/\/mapakompresory.pl\/wp-content\/uploads\/2021\/10\/deliveryyy-300x78.jpg);\n}\n#banner-212045051 .bg {\n  background-position: 59% 64%;\n}\n#banner-212045051 .ux-shape-divider--top svg {\n  height: 150px;\n  --divider-top-width: 100%;\n}\n#banner-212045051 .ux-shape-divider--bottom svg {\n  height: 150px;\n  --divider-width: 100%;\n}\n@media (min-width:850px) {\n  #banner-212045051 {\n    padding-top: 85px;\n  }\n}\n<\/style>\n  <\/div>\n\n\n\n\t\t<\/div>\n\t\t\t\t\t<\/div>\n\n\t\n\n\t<div id=\"col-1584471519\" class=\"col medium-4 small-12 large-4\"  >\n\t\t\t\t<div class=\"col-inner text-center\"  >\n\t\t\t\n\t\t\t\n\n\t<div id=\"gap-2069054770\" class=\"gap-element clearfix\" style=\"display:block; height:auto;\">\n\t\t\n<style>\n#gap-2069054770 {\n  padding-top: 30px;\n}\n<\/style>\n\t<\/div>\n\t\n\n\t<div id=\"text-2715938924\" class=\"text\">\n\t\t\n\n<h2>Wynajem kompresora<\/h2>\n<p>Wynajmujemy kompresor dobrany pod potrzeb\u0119 klienta. Proponujemy kr\u00f3tki czas realizacji dostawy.\u00a0<\/p>\n\t\t\n<style>\n#text-2715938924 {\n  color: rgb(0, 0, 0);\n}\n#text-2715938924 > * {\n  color: rgb(0, 0, 0);\n}\n<\/style>\n\t<\/div>\n\t\n\n\t\t<\/div>\n\t\t\t\t\n<style>\n#col-1584471519 > .col-inner {\n  padding: 40px 8% 50px 8%;\n}\n@media (min-width:550px) {\n  #col-1584471519 > .col-inner {\n    padding: 0px 8% 0px 8%;\n  }\n}\n@media (min-width:850px) {\n  #col-1584471519 > .col-inner {\n    padding: 0px 15% 0px 15%;\n  }\n}\n<\/style>\n\t<\/div>\n\n\t\n\n\t<div id=\"col-1412148249\" class=\"col medium-4 small-12 large-4\"  >\n\t\t\t\t<div class=\"col-inner\"  >\n\t\t\t\n\t\t\t\n\n\n  <div class=\"banner has-hover\" id=\"banner-919034480\">\n          <div class=\"banner-inner fill\">\n        <div class=\"banner-bg fill\" >\n            <div class=\"bg fill bg-fill \"><\/div>\n                                    \n\t<div class=\"is-border\"\n\t\tstyle=\"border-width:0px 0px 0px 0px;margin:0px 0px -62px 0px;\">\n\t<\/div>\n                    <\/div>\n\t\t\n        <div class=\"banner-layers container\">\n            <div class=\"fill banner-link\"><\/div>            \n\n   <div id=\"text-box-167828479\" class=\"text-box banner-layer x50 md-x50 lg-x50 y50 md-y50 lg-y50 res-text\">\n                                <div class=\"text-box-content text dark\">\n              \n              <div class=\"text-inner text-center\">\n                  \n\n\n              <\/div>\n           <\/div>\n                            \n<style>\n#text-box-167828479 {\n  width: 60%;\n}\n#text-box-167828479 .text-box-content {\n  font-size: 100%;\n}\n@media (min-width:550px) {\n  #text-box-167828479 {\n    width: 60%;\n  }\n}\n<\/style>\n    <\/div>\n \n\n        <\/div>\n      <\/div>\n\n            \n<style>\n#banner-919034480 {\n  padding-top: 350px;\n  background-color: rgba(255, 255, 255, 0);\n}\n#banner-919034480 .bg.bg-loaded {\n  background-image: url(https:\/\/mapakompresory.pl\/wp-content\/uploads\/2021\/10\/sprezarkownia.jpg);\n}\n#banner-919034480 .ux-shape-divider--top svg {\n  height: 150px;\n  --divider-top-width: 100%;\n}\n#banner-919034480 .ux-shape-divider--bottom svg {\n  height: 150px;\n  --divider-width: 100%;\n}\n@media (min-width:850px) {\n  #banner-919034480 {\n    padding-top: 122px;\n  }\n}\n<\/style>\n  <\/div>\n\n\n\n\t\t<\/div>\n\t\t\t\t\t<\/div>\n\n\t\n\n<\/div>\n<div class=\"row row-collapse row-full-width align-middle\"  id=\"row-1657099917\">\n\n\n\t<div id=\"col-1584217623\" class=\"col medium-4 small-12 large-4\"  >\n\t\t\t\t<div class=\"col-inner text-center\"  >\n\t\t\t\n\t\t\t\n\n\t<div id=\"gap-1977094200\" class=\"gap-element clearfix\" style=\"display:block; height:auto;\">\n\t\t\n<style>\n#gap-1977094200 {\n  padding-top: 30px;\n}\n<\/style>\n\t<\/div>\n\t\n\n\t<div id=\"text-277604114\" class=\"text\">\n\t\t\n\n<h2>Transport<\/h2>\n<p>Zapewniamy transport do zak\u0142adu klienta z naszego magazynu w Bia\u0142ymstoku, z kt\u00f3rego maszyny mo\u017cna odebra\u0107 r\u00f3wnie\u017c osobi\u015bcie.<\/p>\n\t\t\n<style>\n#text-277604114 {\n  color: rgb(0, 0, 0);\n}\n#text-277604114 > * {\n  color: rgb(0, 0, 0);\n}\n<\/style>\n\t<\/div>\n\t\n\n\t\t<\/div>\n\t\t\t\t\n<style>\n#col-1584217623 > .col-inner {\n  padding: 40px 8% 50px 8%;\n}\n@media (min-width:550px) {\n  #col-1584217623 > .col-inner {\n    padding: 0px 8% 0px 8%;\n  }\n}\n@media (min-width:850px) {\n  #col-1584217623 > .col-inner {\n    padding: 0px 15% 0px 15%;\n  }\n}\n<\/style>\n\t<\/div>\n\n\t\n\n\t<div id=\"col-985794546\" class=\"col medium-4 small-12 large-4\"  >\n\t\t\t\t<div class=\"col-inner\"  >\n\t\t\t\n\t\t\t\n\n\n  <div class=\"banner has-hover\" id=\"banner-1199935909\">\n          <div class=\"banner-inner fill\">\n        <div class=\"banner-bg fill\" >\n            <div class=\"bg fill bg-fill \"><\/div>\n                                    \n                    <\/div>\n\t\t\n        <div class=\"banner-layers container\">\n            <div class=\"fill banner-link\"><\/div>            \n\n   <div id=\"text-box-1282561215\" class=\"text-box banner-layer x50 md-x50 lg-x50 y50 md-y50 lg-y50 res-text\">\n                                <div class=\"text-box-content text dark\">\n              \n              <div class=\"text-inner text-center\">\n                  \n\n\t<div id=\"text-938062697\" class=\"text\">\n\t\t\n\n<h2>Z\u0142\u00f3\u017c zapytanie mailowo lub telefonicznie:<\/h2>\n<p><span style=\"font-size: 200%;\">info@<\/span><span style=\"font-size: 200%;\">mapakompresory.pl<\/span><\/p>\n<p><span style=\"font-size: 300%;\">602 633 373<\/span><\/p>\n<p>\u00a0<\/p>\n\t\t\n<style>\n#text-938062697 {\n  color: rgb(7, 6, 6);\n}\n#text-938062697 > * {\n  color: rgb(7, 6, 6);\n}\n<\/style>\n\t<\/div>\n\t\n\n              <\/div>\n           <\/div>\n                            \n<style>\n#text-box-1282561215 {\n  width: 60%;\n}\n#text-box-1282561215 .text-box-content {\n  font-size: 100%;\n}\n@media (min-width:550px) {\n  #text-box-1282561215 {\n    width: 99%;\n  }\n}\n<\/style>\n    <\/div>\n \n\n        <\/div>\n      <\/div>\n\n            \n<style>\n#banner-1199935909 {\n  padding-top: 349px;\n  background-color: rgba(255, 255, 255, 0);\n}\n#banner-1199935909 .ux-shape-divider--top svg {\n  height: 150px;\n  --divider-top-width: 100%;\n}\n#banner-1199935909 .ux-shape-divider--bottom svg {\n  height: 150px;\n  --divider-width: 100%;\n}\n@media (min-width:850px) {\n  #banner-1199935909 {\n    padding-top: 400px;\n  }\n}\n<\/style>\n  <\/div>\n\n\n\n\t\t<\/div>\n\t\t\t\t\t<\/div>\n\n\t\n\n\t<div id=\"col-149712497\" class=\"col medium-4 small-12 large-4\"  >\n\t\t\t\t<div class=\"col-inner text-center\"  >\n\t\t\t\n\t\t\t\n\n\t<div id=\"gap-2063698938\" class=\"gap-element clearfix\" style=\"display:block; height:auto;\">\n\t\t\n<style>\n#gap-2063698938 {\n  padding-top: 30px;\n}\n<\/style>\n\t<\/div>\n\t\n\n\t<div id=\"text-2518549859\" class=\"text\">\n\t\t\n\n<h2>Osuszacze powietrza<\/h2>\n<p>W ofercie posiadamy r\u00f3wnie\u017c osuszacze ch\u0142odnicze na wynajem.&nbsp;<\/p>\n\t\t\n<style>\n#text-2518549859 {\n  color: rgb(0, 0, 0);\n}\n#text-2518549859 > * {\n  color: rgb(0, 0, 0);\n}\n<\/style>\n\t<\/div>\n\t\n\n\t\t<\/div>\n\t\t\t\t\n<style>\n#col-149712497 > .col-inner {\n  padding: 40px 8% 50px 8%;\n}\n@media (min-width:550px) {\n  #col-149712497 > .col-inner {\n    padding: 0px 8% 0px 8%;\n  }\n}\n@media (min-width:850px) {\n  #col-149712497 > .col-inner {\n    padding: 0px 15% 0px 15%;\n  }\n}\n<\/style>\n\t<\/div>\n\n\t\n\n<\/div>\n<div class=\"container section-title-container\" style=\"margin-top:-65px;\"><h2 class=\"section-title section-title-normal\"><b><\/b><span class=\"section-title-main\" style=\"font-size:99%;\">Realizacje<\/span><b><\/b><\/h2><\/div>\n\n\n\t\t<\/div>\n\n\t\t\n<style>\n#section_354756200 {\n  padding-top: 0px;\n  padding-bottom: 0px;\n}\n#section_354756200 .ux-shape-divider--top svg {\n  height: 150px;\n  --divider-top-width: 100%;\n}\n#section_354756200 .ux-shape-divider--bottom svg {\n  height: 150px;\n  --divider-width: 100%;\n}\n<\/style>\n\t<\/section>\n\t\n\n  \n    <div class=\"row large-columns-4 medium-columns-3 small-columns-1 has-shadow row-box-shadow-1 slider row-slider slider-nav-reveal\"  data-flickity-options='{\"imagesLoaded\": true, \"groupCells\": \"100%\", \"dragThreshold\" : 5, \"cellAlign\": \"left\",\"wrapAround\": true,\"prevNextButtons\": true,\"percentPosition\": true,\"pageDots\": false, \"rightToLeft\": false, \"autoPlay\" : false}'>\n\n  <div class=\"col post-item\" >\n\t\t\t<div class=\"col-inner\">\n\t\t\t<a href=\"https:\/\/mapakompresory.pl\/?p=573\" class=\"plain\">\n\t\t\t\t<div class=\"box box-overlay dark box-text-bottom box-blog-post has-hover\">\n            \t\t\t\t\t<div class=\"box-image\" >\n  \t\t\t\t\t\t<div class=\"image-zoom image-cover\" style=\"padding-top:144%;\">\n  \t\t\t\t\t\t\t<img loading=\"lazy\" decoding=\"async\" width=\"832\" height=\"1004\" src=\"https:\/\/mapakompresory.pl\/wp-content\/uploads\/2022\/11\/IMG-1649-scaled-e1697882160329.jpg\" class=\"attachment-original size-original wp-post-image\" alt=\"\" srcset=\"https:\/\/mapakompresory.pl\/wp-content\/uploads\/2022\/11\/IMG-1649-scaled-e1697882160329.jpg 832w, https:\/\/mapakompresory.pl\/wp-content\/uploads\/2022\/11\/IMG-1649-scaled-e1697882160329-249x300.jpg 249w, https:\/\/mapakompresory.pl\/wp-content\/uploads\/2022\/11\/IMG-1649-scaled-e1697882160329-768x927.jpg 768w\" sizes=\"(max-width: 832px) 100vw, 832px\" \/>  \t\t\t\t\t\t\t<div class=\"overlay\" style=\"background-color: rgba(0, 0, 0, 0.17)\"><\/div>  \t\t\t\t\t\t\t  \t\t\t\t\t\t<\/div>\n  \t\t\t\t\t\t  \t\t\t\t\t<\/div>\n          \t\t\t\t\t<div class=\"box-text text-center\" >\n\t\t\t\t\t<div class=\"box-text-inner blog-post-inner\">\n\n\t\t\t\t\t\n\t\t\t\t\t\t\t\t\t\t<h5 class=\"post-title is-large uppercase\">Formika sp. z o.o., Parzniew<\/h5>\n\t\t\t\t\t\t\t\t\t\t<div class=\"is-divider\"><\/div>\n\t\t\t\t\t\t\t\t\t\t<p class=\"from_the_blog_excerpt \"> [...]\t\t\t\t\t<\/p>\n\t\t\t\t\t                    \n\t\t\t\t\t\n\t\t\t\t\t\n\t\t\t\t\t<\/div>\n\t\t\t\t\t<\/div>\n\t\t\t\t\t\t\t\t\t<\/div>\n\t\t\t\t<\/a>\n\t\t\t<\/div>\n\t\t<\/div><div class=\"col post-item\" >\n\t\t\t<div class=\"col-inner\">\n\t\t\t<a href=\"https:\/\/mapakompresory.pl\/?p=592\" class=\"plain\">\n\t\t\t\t<div class=\"box box-overlay dark box-text-bottom box-blog-post has-hover\">\n            \t\t\t\t\t<div class=\"box-image\" >\n  \t\t\t\t\t\t<div class=\"image-zoom image-cover\" style=\"padding-top:144%;\">\n  \t\t\t\t\t\t\t<img loading=\"lazy\" decoding=\"async\" width=\"1584\" height=\"237\" src=\"https:\/\/mapakompresory.pl\/wp-content\/uploads\/2022\/11\/cement-ozarow-kolor-pozytyw_pantone-151C.png\" class=\"attachment-original size-original wp-post-image\" alt=\"\" srcset=\"https:\/\/mapakompresory.pl\/wp-content\/uploads\/2022\/11\/cement-ozarow-kolor-pozytyw_pantone-151C.png 1584w, https:\/\/mapakompresory.pl\/wp-content\/uploads\/2022\/11\/cement-ozarow-kolor-pozytyw_pantone-151C-300x45.png 300w, https:\/\/mapakompresory.pl\/wp-content\/uploads\/2022\/11\/cement-ozarow-kolor-pozytyw_pantone-151C-1024x153.png 1024w, https:\/\/mapakompresory.pl\/wp-content\/uploads\/2022\/11\/cement-ozarow-kolor-pozytyw_pantone-151C-768x115.png 768w, https:\/\/mapakompresory.pl\/wp-content\/uploads\/2022\/11\/cement-ozarow-kolor-pozytyw_pantone-151C-1536x230.png 1536w\" sizes=\"(max-width: 1584px) 100vw, 1584px\" \/>  \t\t\t\t\t\t\t<div class=\"overlay\" style=\"background-color: rgba(0, 0, 0, 0.17)\"><\/div>  \t\t\t\t\t\t\t  \t\t\t\t\t\t<\/div>\n  \t\t\t\t\t\t  \t\t\t\t\t<\/div>\n          \t\t\t\t\t<div class=\"box-text text-center\" >\n\t\t\t\t\t<div class=\"box-text-inner blog-post-inner\">\n\n\t\t\t\t\t\n\t\t\t\t\t\t\t\t\t\t<h5 class=\"post-title is-large uppercase\">Laboratorium Betonu Cement O\u017car\u00f3w S.A., Karsy<\/h5>\n\t\t\t\t\t\t\t\t\t\t<div class=\"is-divider\"><\/div>\n\t\t\t\t\t\t\t\t\t\t<p class=\"from_the_blog_excerpt \"> [...]\t\t\t\t\t<\/p>\n\t\t\t\t\t                    \n\t\t\t\t\t\n\t\t\t\t\t\n\t\t\t\t\t<\/div>\n\t\t\t\t\t<\/div>\n\t\t\t\t\t\t\t\t\t<\/div>\n\t\t\t\t<\/a>\n\t\t\t<\/div>\n\t\t<\/div><div class=\"col post-item\" >\n\t\t\t<div class=\"col-inner\">\n\t\t\t<a href=\"https:\/\/mapakompresory.pl\/?p=804\" class=\"plain\">\n\t\t\t\t<div class=\"box box-overlay dark box-text-bottom box-blog-post has-hover\">\n            \t\t\t\t\t<div class=\"box-image\" >\n  \t\t\t\t\t\t<div class=\"image-zoom image-cover\" style=\"padding-top:144%;\">\n  \t\t\t\t\t\t\t<img loading=\"lazy\" decoding=\"async\" width=\"1515\" height=\"848\" src=\"https:\/\/mapakompresory.pl\/wp-content\/uploads\/2023\/11\/transport.jpg\" class=\"attachment-original size-original wp-post-image\" alt=\"\" srcset=\"https:\/\/mapakompresory.pl\/wp-content\/uploads\/2023\/11\/transport.jpg 1515w, https:\/\/mapakompresory.pl\/wp-content\/uploads\/2023\/11\/transport-300x168.jpg 300w, https:\/\/mapakompresory.pl\/wp-content\/uploads\/2023\/11\/transport-1024x573.jpg 1024w, https:\/\/mapakompresory.pl\/wp-content\/uploads\/2023\/11\/transport-768x430.jpg 768w\" sizes=\"(max-width: 1515px) 100vw, 1515px\" \/>  \t\t\t\t\t\t\t<div class=\"overlay\" style=\"background-color: rgba(0, 0, 0, 0.17)\"><\/div>  \t\t\t\t\t\t\t  \t\t\t\t\t\t<\/div>\n  \t\t\t\t\t\t  \t\t\t\t\t<\/div>\n          \t\t\t\t\t<div class=\"box-text text-center\" >\n\t\t\t\t\t<div class=\"box-text-inner blog-post-inner\">\n\n\t\t\t\t\t\n\t\t\t\t\t\t\t\t\t\t<h5 class=\"post-title is-large uppercase\">Wynajem spr\u0119\u017carki Kaeser CSD85T, Bran\u017ca poligraficzna<\/h5>\n\t\t\t\t\t\t\t\t\t\t<div class=\"is-divider\"><\/div>\n\t\t\t\t\t\t\t\t\t\t<p class=\"from_the_blog_excerpt \"> [...]\t\t\t\t\t<\/p>\n\t\t\t\t\t                    \n\t\t\t\t\t\n\t\t\t\t\t\n\t\t\t\t\t<\/div>\n\t\t\t\t\t<\/div>\n\t\t\t\t\t\t\t\t\t<\/div>\n\t\t\t\t<\/a>\n\t\t\t<\/div>\n\t\t<\/div><\/div>\n\n\n","protected":false},"excerpt":{"rendered":"","protected":false},"author":1,"featured_media":0,"parent":0,"menu_order":0,"comment_status":"closed","ping_status":"closed","template":"","meta":{"footnotes":""},"_links":{"self":[{"href":"https:\/\/mapakompresory.pl\/index.php?rest_route=\/wp\/v2\/pages\/347"}],"collection":[{"href":"https:\/\/mapakompresory.pl\/index.php?rest_route=\/wp\/v2\/pages"}],"about":[{"href":"https:\/\/mapakompresory.pl\/index.php?rest_route=\/wp\/v2\/types\/page"}],"author":[{"embeddable":true,"href":"https:\/\/mapakompresory.pl\/index.php?rest_route=\/wp\/v2\/users\/1"}],"replies":[{"embeddable":true,"href":"https:\/\/mapakompresory.pl\/index.php?rest_route=%2Fwp%2Fv2%2Fcomments&post=347"}],"version-history":[{"count":22,"href":"https:\/\/mapakompresory.pl\/index.php?rest_route=\/wp\/v2\/pages\/347\/revisions"}],"predecessor-version":[{"id":812,"href":"https:\/\/mapakompresory.pl\/index.php?rest_route=\/wp\/v2\/pages\/347\/revisions\/812"}],"wp:attachment":[{"href":"https:\/\/mapakompresory.pl\/index.php?rest_route=%2Fwp%2Fv2%2Fmedia&parent=347"}],"curies":[{"name":"wp","href":"https:\/\/api.w.org\/{rel}","templated":true}]}}