{"id":408,"date":"2021-11-14T13:45:35","date_gmt":"2021-11-14T12:45:35","guid":{"rendered":"http:\/\/serwer2037619.home.pl\/serwer2037619\/?page_id=408"},"modified":"2023-10-21T12:56:07","modified_gmt":"2023-10-21T10:56:07","slug":"montaz","status":"publish","type":"page","link":"https:\/\/mapakompresory.pl\/?page_id=408","title":{"rendered":"Monta\u017c"},"content":{"rendered":"\n\t<section class=\"section dark has-parallax\" id=\"section_192210857\">\n\t\t<div class=\"bg section-bg fill bg-fill  \" data-parallax-container=\".section\" data-parallax-background data-parallax=\"-7\">\n\n\t\t\t\n\t\t\t<div class=\"section-bg-overlay absolute fill\"><\/div>\n\t\t\t\n\n\t\t<\/div>\n\n\t\t\n\n\t\t<div class=\"section-content relative\">\n\t\t\t\n\n<div class=\"row align-center\"  id=\"row-1008070582\">\n\n\n\t<div id=\"col-1106098046\" class=\"col medium-10 small-12 large-7\"  >\n\t\t\t\t<div class=\"col-inner text-center\"  >\n\t\t\t\n\t\t\t\n\n<h1><span style=\"font-size: 150%;\">Projektowanie, wycena i monta\u017c instalacji spr\u0119\u017conego powietrza<\/span><\/h1>\n<p>Zajmujemy si\u0119 profesjonaln\u0105 obs\u0142uga klienta w zakresie instalacji pneumatycznych. Zapoznaj si\u0119 z naszymi mo\u017cliwo\u015bciami i realizacjami.<\/p>\n\n\t\t<\/div>\n\t\t\t\t\t<\/div>\n\n\t\n\n<\/div>\n\n\t\t<\/div>\n\n\t\t\n<style>\n#section_192210857 {\n  padding-top: 30px;\n  padding-bottom: 30px;\n  min-height: 330px;\n}\n#section_192210857 .section-bg-overlay {\n  background-color: rgba(0, 0, 0, 0.39);\n}\n#section_192210857 .section-bg.bg-loaded {\n  background-image: url(https:\/\/mapakompresory.pl\/wp-content\/uploads\/2021\/10\/sprezarkownia.jpg);\n}\n#section_192210857 .ux-shape-divider--top svg {\n  height: 150px;\n  --divider-top-width: 100%;\n}\n#section_192210857 .ux-shape-divider--bottom svg {\n  height: 150px;\n  --divider-width: 100%;\n}\n<\/style>\n\t<\/section>\n\t\n\t<section class=\"section\" id=\"section_1357829552\">\n\t\t<div class=\"bg section-bg fill bg-fill  bg-loaded\" >\n\n\t\t\t\n\t\t\t\n\t\t\t\n\n\t\t<\/div>\n\n\t\t\n\n\t\t<div class=\"section-content relative\">\n\t\t\t\n\n<div class=\"row\" style=\"max-width:1400px\" id=\"row-167290465\">\n\n\n\t<div id=\"col-830857239\" class=\"col small-12 large-12\"  >\n\t\t\t\t<div class=\"col-inner text-center\" style=\"background-color:rgb(255,255,255);\" >\n\t\t\t\n\t\t\t\n\n<h2>Naszymi atutami rynkowymi sa:<\/h2>\n\t<div id=\"gap-1222963342\" class=\"gap-element clearfix\" style=\"display:block; height:auto;\">\n\t\t\n<style>\n#gap-1222963342 {\n  padding-top: 30px;\n}\n<\/style>\n\t<\/div>\n\t\n\n<div class=\"row row-collapse\"  id=\"row-1716724661\">\n\n\n\t<div id=\"col-975567598\" class=\"col medium-10 small-12 large-10\"  >\n\t\t\t\t<div class=\"col-inner\"  >\n\t\t\t\n\t\t\t\n\n<div class=\"row row-large row-divided\"  id=\"row-1290407005\">\n\n\n\t<div id=\"col-360391375\" class=\"col medium-4 small-12 large-4\"  >\n\t\t\t\t<div class=\"col-inner\"  >\n\t\t\t\n\t\t\t\n\n\n\t\t<div class=\"icon-box featured-box icon-box-center text-center\"  >\n\t\t\t\t\t<div class=\"icon-box-img\" style=\"width: 60px\">\n\t\t\t\t<div class=\"icon\">\n\t\t\t\t\t<div class=\"icon-inner\" >\n\t\t\t\t\t\t\t\t\t\t\t<\/div>\n\t\t\t\t<\/div>\n\t\t\t<\/div>\n\t\t\t\t<div class=\"icon-box-text last-reset\">\n\t\t\t\t\t\t\t\t\t\n\n<h4>Specjalistyczny sprz\u0119t<\/h4>\n<p>Posiadamy urz\u0105dzenia takie jak zaciskarki, kt\u00f3re znacz\u0105co podnosz\u0105 szybko\u015b\u0107 i jako\u015b\u0107 naszej pracy<\/p>\n\n\t\t<\/div>\n\t<\/div>\n\t\n\t\n\n\t\t<\/div>\n\t\t\t\t\t<\/div>\n\n\t\n\n\t<div id=\"col-1854412900\" class=\"col medium-4 small-12 large-4\"  >\n\t\t\t\t<div class=\"col-inner\"  >\n\t\t\t\n\t\t\t\n\n\n\t\t<div class=\"icon-box featured-box icon-box-center text-center\"  >\n\t\t\t\t\t<div class=\"icon-box-img\" style=\"width: 60px\">\n\t\t\t\t<div class=\"icon\">\n\t\t\t\t\t<div class=\"icon-inner\" >\n\t\t\t\t\t\t<img loading=\"lazy\" decoding=\"async\" width=\"231\" height=\"253\" src=\"https:\/\/mapakompresory.pl\/wp-content\/uploads\/2021\/11\/experience.jpg\" class=\"attachment-medium size-medium\" alt=\"\" \/>\t\t\t\t\t<\/div>\n\t\t\t\t<\/div>\n\t\t\t<\/div>\n\t\t\t\t<div class=\"icon-box-text last-reset\">\n\t\t\t\t\t\t\t\t\t\n\n<h4>Do\u015bwiadczenie<\/h4>\n<p>Dzia\u0142amy w bran\u017cy spr\u0119\u017conego powietrza od 2017 roku. Znamy zasady projektowania uk\u0142ad\u00f3w oraz instalacji urz\u0105dze\u0144 i rur w zak\u0142adzie produkcyjnym lub te\u017c ma\u0142ej firmie. S\u0142u\u017cymy doradztwem.<\/p>\n\n\t\t<\/div>\n\t<\/div>\n\t\n\t\n\n\t\t<\/div>\n\t\t\t\t\t<\/div>\n\n\t\n\n\t<div id=\"col-440146115\" class=\"col medium-4 small-12 large-4\"  >\n\t\t\t\t<div class=\"col-inner\"  >\n\t\t\t\n\t\t\t\n\n\n\t\t<div class=\"icon-box featured-box icon-box-center text-center\"  >\n\t\t\t\t\t<div class=\"icon-box-img\" style=\"width: 60px\">\n\t\t\t\t<div class=\"icon\">\n\t\t\t\t\t<div class=\"icon-inner\" >\n\t\t\t\t\t\t<img loading=\"lazy\" decoding=\"async\" width=\"300\" height=\"251\" src=\"https:\/\/mapakompresory.pl\/wp-content\/uploads\/2021\/11\/pipes-1-300x251.jpg\" class=\"attachment-medium size-medium\" alt=\"\" srcset=\"https:\/\/mapakompresory.pl\/wp-content\/uploads\/2021\/11\/pipes-1-300x251.jpg 300w, https:\/\/mapakompresory.pl\/wp-content\/uploads\/2021\/11\/pipes-1.jpg 542w\" sizes=\"(max-width: 300px) 100vw, 300px\" \/>\t\t\t\t\t<\/div>\n\t\t\t\t<\/div>\n\t\t\t<\/div>\n\t\t\t\t<div class=\"icon-box-text last-reset\">\n\t\t\t\t\t\t\t\t\t\n\n<h4>Odpowiedni dob\u00f3r materia\u0142\u00f3w<\/h4>\n<p>Wykonujemy instalacje w technologii rur stalowych, zaprasowanych Geberit, oraz Kan-Therm. Korzystamy r\u00f3wnie\u017c z technologii rur aluminiowych.&nbsp;<\/p>\n\n\t\t<\/div>\n\t<\/div>\n\t\n\t\n\n\t\t<\/div>\n\t\t\t\t\t<\/div>\n\n\t\n\n<\/div>\n\n\t\t<\/div>\n\t\t\t\t\t<\/div>\n\n\t\n\n<\/div>\n\n\t\t<\/div>\n\t\t\t\t\n<style>\n#col-830857239 > .col-inner {\n  padding: 80px 20px 80px 20px;\n  margin: -80px 0px 0px 0px;\n}\n<\/style>\n\t<\/div>\n\n\t\n\n<\/div>\n<div class=\"row\"  id=\"row-693458251\">\n\n\n\t<div id=\"col-387630611\" class=\"col small-12 large-12\"  >\n\t\t\t\t<div class=\"col-inner text-center\"  >\n\t\t\t\n\t\t\t\n\n<h2>Nasze realizacje<\/h2>\n<p>Najlepsz\u0105 reklam\u0119 s\u0105 realizacje u naszych zadowolonych klient\u00f3w, tym chcemy si\u0119 chwali\u0107.<\/p>\n\t<div id=\"gap-1294002202\" class=\"gap-element clearfix\" style=\"display:block; height:auto;\">\n\t\t\n<style>\n#gap-1294002202 {\n  padding-top: 30px;\n}\n<\/style>\n\t<\/div>\n\t\n\n<div class=\"row row-small\"  id=\"row-507643660\">\n\n\n\t<div id=\"col-814781350\" class=\"col medium-4 small-12 large-4\"  >\n\t\t\t\t<div class=\"col-inner\"  >\n\t\t\t\n\t\t\t\n\n\t<div class=\"box has-hover   has-hover box-shade dark box-text-bottom\" >\n\n\t\t<div class=\"box-image\" >\n\t\t\t\t\t\t<div class=\"image-cover\" style=\"padding-top:350px;\">\n\t\t\t\t<img loading=\"lazy\" decoding=\"async\" width=\"709\" height=\"945\" src=\"https:\/\/mapakompresory.pl\/wp-content\/uploads\/2021\/10\/montaz.jpg\" class=\"attachment- size-\" alt=\"\" srcset=\"https:\/\/mapakompresory.pl\/wp-content\/uploads\/2021\/10\/montaz.jpg 709w, https:\/\/mapakompresory.pl\/wp-content\/uploads\/2021\/10\/montaz-225x300.jpg 225w\" sizes=\"(max-width: 709px) 100vw, 709px\" \/>\t\t\t\t\t\t\t\t<div class=\"shade\"><\/div>\t\t\t<\/div>\n\t\t\t\t\t<\/div>\n\n\t\t<div class=\"box-text show-on-hover hover-slide text-left\" style=\"padding:10px 20px 10px 20px;\">\n\t\t\t<div class=\"box-text-inner\">\n\t\t\t\t\n\n\n\t\t\t<\/div>\n\t\t<\/div>\n\t<\/div>\n\t\n\t<div id=\"gap-350715468\" class=\"gap-element clearfix\" style=\"display:block; height:auto;\">\n\t\t\n<style>\n#gap-350715468 {\n  padding-top: 20px;\n}\n<\/style>\n\t<\/div>\n\t\n\n\t<div class=\"box has-hover   has-hover box-shade dark box-text-bottom\" >\n\n\t\t<div class=\"box-image\" >\n\t\t\t\t\t\t<div class=\"image-cover\" style=\"padding-top:56.25%;\">\n\t\t\t\t<img loading=\"lazy\" decoding=\"async\" width=\"331\" height=\"201\" src=\"https:\/\/mapakompresory.pl\/wp-content\/uploads\/2021\/10\/logooo.jpg\" class=\"attachment- size-\" alt=\"\" srcset=\"https:\/\/mapakompresory.pl\/wp-content\/uploads\/2021\/10\/logooo.jpg 331w, https:\/\/mapakompresory.pl\/wp-content\/uploads\/2021\/10\/logooo-300x182.jpg 300w\" sizes=\"(max-width: 331px) 100vw, 331px\" \/>\t\t\t\t\t\t\t\t<div class=\"shade\"><\/div>\t\t\t<\/div>\n\t\t\t\t\t<\/div>\n\n\t\t<div class=\"box-text show-on-hover hover-slide text-left\" style=\"padding:10px 20px 10px 20px;\">\n\t\t\t<div class=\"box-text-inner\">\n\t\t\t\t\n\n\n\t\t\t<\/div>\n\t\t<\/div>\n\t<\/div>\n\t\n\n\t\t<\/div>\n\t\t\t\t\t<\/div>\n\n\t\n\n\t<div id=\"col-1838295612\" class=\"col medium-4 small-12 large-4\"  >\n\t\t\t\t<div class=\"col-inner\"  >\n\t\t\t\n\t\t\t\n\n\t<div class=\"box has-hover   has-hover box-shade dark box-text-bottom\" >\n\n\t\t<div class=\"box-image\" >\n\t\t\t\t\t\t<div class=\"image-cover\" style=\"padding-top:250px;\">\n\t\t\t\t<img loading=\"lazy\" decoding=\"async\" width=\"420\" height=\"311\" src=\"https:\/\/mapakompresory.pl\/wp-content\/uploads\/2021\/11\/montaz2.jpg\" class=\"attachment- size-\" alt=\"\" srcset=\"https:\/\/mapakompresory.pl\/wp-content\/uploads\/2021\/11\/montaz2.jpg 420w, https:\/\/mapakompresory.pl\/wp-content\/uploads\/2021\/11\/montaz2-300x222.jpg 300w\" sizes=\"(max-width: 420px) 100vw, 420px\" \/>\t\t\t\t\t\t\t\t<div class=\"shade\"><\/div>\t\t\t<\/div>\n\t\t\t\t\t<\/div>\n\n\t\t<div class=\"box-text show-on-hover hover-slide text-left\" style=\"padding:10px 20px 10px 20px;\">\n\t\t\t<div class=\"box-text-inner\">\n\t\t\t\t\n\n\n\t\t\t<\/div>\n\t\t<\/div>\n\t<\/div>\n\t\n\t<div id=\"gap-143257946\" class=\"gap-element clearfix\" style=\"display:block; height:auto;\">\n\t\t\n<style>\n#gap-143257946 {\n  padding-top: 20px;\n}\n<\/style>\n\t<\/div>\n\t\n\n\t<div class=\"box has-hover   has-hover box-shade dark box-text-bottom\" >\n\n\t\t<div class=\"box-image\" >\n\t\t\t\t\t\t<div class=\"image-cover\" style=\"padding-top:350px;\">\n\t\t\t\t<img loading=\"lazy\" decoding=\"async\" width=\"399\" height=\"535\" src=\"https:\/\/mapakompresory.pl\/wp-content\/uploads\/2021\/11\/montaz-4.jpg\" class=\"attachment- size-\" alt=\"\" srcset=\"https:\/\/mapakompresory.pl\/wp-content\/uploads\/2021\/11\/montaz-4.jpg 399w, https:\/\/mapakompresory.pl\/wp-content\/uploads\/2021\/11\/montaz-4-224x300.jpg 224w\" sizes=\"(max-width: 399px) 100vw, 399px\" \/>\t\t\t\t\t\t\t\t<div class=\"shade\"><\/div>\t\t\t<\/div>\n\t\t\t\t\t<\/div>\n\n\t\t<div class=\"box-text show-on-hover hover-slide text-left\" style=\"padding:10px 20px 10px 20px;\">\n\t\t\t<div class=\"box-text-inner\">\n\t\t\t\t\n\n\n\t\t\t<\/div>\n\t\t<\/div>\n\t<\/div>\n\t\n\n\t\t<\/div>\n\t\t\t\t\t<\/div>\n\n\t\n\n\t<div id=\"col-340652601\" class=\"col medium-4 small-12 large-4\"  >\n\t\t\t\t<div class=\"col-inner\"  >\n\t\t\t\n\t\t\t\n\n\t<div class=\"box has-hover   has-hover box-shade dark box-text-bottom\" >\n\n\t\t<div class=\"box-image\" >\n\t\t\t\t\t\t<div class=\"image-cover\" style=\"padding-top:350px;\">\n\t\t\t\t<img loading=\"lazy\" decoding=\"async\" width=\"410\" height=\"541\" src=\"https:\/\/mapakompresory.pl\/wp-content\/uploads\/2021\/11\/montaz-3.jpg\" class=\"attachment- size-\" alt=\"\" srcset=\"https:\/\/mapakompresory.pl\/wp-content\/uploads\/2021\/11\/montaz-3.jpg 410w, https:\/\/mapakompresory.pl\/wp-content\/uploads\/2021\/11\/montaz-3-227x300.jpg 227w\" sizes=\"(max-width: 410px) 100vw, 410px\" \/>\t\t\t\t\t\t\t\t<div class=\"shade\"><\/div>\t\t\t<\/div>\n\t\t\t\t\t<\/div>\n\n\t\t<div class=\"box-text show-on-hover hover-slide text-left\" style=\"padding:10px 20px 10px 20px;\">\n\t\t\t<div class=\"box-text-inner\">\n\t\t\t\t\n\n\n\t\t\t<\/div>\n\t\t<\/div>\n\t<\/div>\n\t\n\t<div id=\"gap-1033648703\" class=\"gap-element clearfix\" style=\"display:block; height:auto;\">\n\t\t\n<style>\n#gap-1033648703 {\n  padding-top: 20px;\n}\n<\/style>\n\t<\/div>\n\t\n\n\t<div class=\"box has-hover   has-hover box-shade dark box-text-bottom\" >\n\n\t\t<div class=\"box-image\" >\n\t\t\t\t\t\t<div class=\"image-cover\" style=\"padding-top:250px;\">\n\t\t\t\t<img loading=\"lazy\" decoding=\"async\" width=\"351\" height=\"615\" src=\"https:\/\/mapakompresory.pl\/wp-content\/uploads\/2021\/11\/montaz6.jpg\" class=\"attachment- size-\" alt=\"\" srcset=\"https:\/\/mapakompresory.pl\/wp-content\/uploads\/2021\/11\/montaz6.jpg 351w, https:\/\/mapakompresory.pl\/wp-content\/uploads\/2021\/11\/montaz6-171x300.jpg 171w\" sizes=\"(max-width: 351px) 100vw, 351px\" \/>\t\t\t\t\t\t\t\t<div class=\"shade\"><\/div>\t\t\t<\/div>\n\t\t\t\t\t<\/div>\n\n\t\t<div class=\"box-text show-on-hover hover-slide text-left\" style=\"padding:10px 20px 10px 20px;\">\n\t\t\t<div class=\"box-text-inner\">\n\t\t\t\t\n\n\n\t\t\t<\/div>\n\t\t<\/div>\n\t<\/div>\n\t\n\n\t\t<\/div>\n\t\t\t\t\t<\/div>\n\n\t\n\n<\/div>\n\n\t\t<\/div>\n\t\t\t\t\t<\/div>\n\n\t\n\n<\/div>\n<div class=\"row row-large row-full-width align-middle\"  id=\"row-318123868\">\n\n\n\t<div id=\"col-424459774\" class=\"col medium-12 small-12 large-12\"  >\n\t\t\t\t<div class=\"col-inner text-center\"  >\n\t\t\t\n\t\t\t\n\n<h2>Je\u017celi szukasz specjalist\u00f3w w zakresie spr\u0119\u017conego powietrza-zapraszamy do kontaktu<\/h2>\n<p>Numer telefonu: 602 633 373<\/p>\n<p>email: info@mapakompresory.pl<\/p>\n\n\t\t<\/div>\n\t\t\t\t\t<\/div>\n\n\t\n\n<\/div>\n\n\t\t<\/div>\n\n\t\t\n<style>\n#section_1357829552 {\n  padding-top: 30px;\n  padding-bottom: 30px;\n  background-color: rgb(237, 241, 247);\n}\n#section_1357829552 .ux-shape-divider--top svg {\n  height: 150px;\n  --divider-top-width: 100%;\n}\n#section_1357829552 .ux-shape-divider--bottom svg {\n  height: 150px;\n  --divider-width: 100%;\n}\n<\/style>\n\t<\/section>\n\t\n\n","protected":false},"excerpt":{"rendered":"","protected":false},"author":1,"featured_media":0,"parent":0,"menu_order":0,"comment_status":"closed","ping_status":"closed","template":"","meta":{"footnotes":""},"_links":{"self":[{"href":"https:\/\/mapakompresory.pl\/index.php?rest_route=\/wp\/v2\/pages\/408"}],"collection":[{"href":"https:\/\/mapakompresory.pl\/index.php?rest_route=\/wp\/v2\/pages"}],"about":[{"href":"https:\/\/mapakompresory.pl\/index.php?rest_route=\/wp\/v2\/types\/page"}],"author":[{"embeddable":true,"href":"https:\/\/mapakompresory.pl\/index.php?rest_route=\/wp\/v2\/users\/1"}],"replies":[{"embeddable":true,"href":"https:\/\/mapakompresory.pl\/index.php?rest_route=%2Fwp%2Fv2%2Fcomments&post=408"}],"version-history":[{"count":8,"href":"https:\/\/mapakompresory.pl\/index.php?rest_route=\/wp\/v2\/pages\/408\/revisions"}],"predecessor-version":[{"id":700,"href":"https:\/\/mapakompresory.pl\/index.php?rest_route=\/wp\/v2\/pages\/408\/revisions\/700"}],"wp:attachment":[{"href":"https:\/\/mapakompresory.pl\/index.php?rest_route=%2Fwp%2Fv2%2Fmedia&parent=408"}],"curies":[{"name":"wp","href":"https:\/\/api.w.org\/{rel}","templated":true}]}}