{"id":462,"date":"2022-05-11T18:29:12","date_gmt":"2022-05-11T16:29:12","guid":{"rendered":"http:\/\/serwer2037619.home.pl\/serwer2037619\/?page_id=462"},"modified":"2023-11-23T15:52:32","modified_gmt":"2023-11-23T14:52:32","slug":"maszyny-uzywane","status":"publish","type":"page","link":"https:\/\/mapakompresory.pl\/?page_id=462","title":{"rendered":"Maszyny u\u017cywane"},"content":{"rendered":"\n\t<section class=\"section dark\" id=\"section_658163107\">\n\t\t<div class=\"bg section-bg fill bg-fill  bg-loaded\" >\n\n\t\t\t\n\t\t\t<div class=\"section-bg-overlay absolute fill\"><\/div>\n\t\t\t\n\t<div class=\"is-border\"\n\t\tstyle=\"border-width:0px 0px 0px 0px;margin:-2px 0px 0px 0px;\">\n\t<\/div>\n\n\t\t<\/div>\n\n\t\t\n\n\t\t<div class=\"section-content relative\">\n\t\t\t\n\n<div class=\"row\"  id=\"row-5123965\">\n\n\n\t<div id=\"col-985052121\" class=\"col medium-6 small-12 large-5\"  >\n\t\t\t\t<div class=\"col-inner\"  >\n\t\t\t\n\t\t\t\n\n\t<div id=\"text-3158340307\" class=\"text\">\n\t\t\n\n<h1 style=\"font-size: 200%; text-align: left;\">Maszyny u\u017cywane&nbsp;<\/h1>\n<p style=\"text-align: justify;\"><span style=\"font-weight: 400;\">U\u017cywane spr\u0119\u017carki \u015brubowe renomowanych producent\u00f3w s\u0105 alternatywn\u0105 do nowych urz\u0105dze\u0144. Kluczowe dla sprawnego dzia\u0142ania u\u017cywanego kompresora jest zakup u sprawdzonego dostawcy maszyn u\u017cywanych kt\u00f3ry zapewni odpowiednie przygotowanie urz\u0105dzenia przed sprzeda\u017c\u0105. Ka\u017cde sprzedawane przez nas urz\u0105dzenie posiada wykonany kompleksowy serwis olejowy wraz z wymian\u0105 materia\u0142\u00f3w eksploatacyjnych.&nbsp;<\/span><\/p>\n\t\t\n<style>\n#text-3158340307 {\n  color: rgb(0,0,0);\n}\n#text-3158340307 > * {\n  color: rgb(0,0,0);\n}\n<\/style>\n\t<\/div>\n\t\n<p style=\"text-align: left;\"><span style=\"font-size: 75%;\"><img loading=\"lazy\" decoding=\"async\" class=\"wp-image-490 alignleft\" src=\"http:\/\/serwer2037619.home.pl\/serwer2037619\/wp-content\/uploads\/2022\/05\/phone-icon-287x300.jpg\" alt=\"\" width=\"50\" height=\"52\" srcset=\"https:\/\/mapakompresory.pl\/wp-content\/uploads\/2022\/05\/phone-icon-287x300.jpg 287w, https:\/\/mapakompresory.pl\/wp-content\/uploads\/2022\/05\/phone-icon.jpg 330w\" sizes=\"(max-width: 50px) 100vw, 50px\" \/><\/span><span style=\"font-size: 190%; color: #282828;\">602 633 373<\/span><\/p>\n\n\t\t<\/div>\n\t\t\t\t\t<\/div>\n\n\t\n\n\t<div id=\"col-360234792\" class=\"col medium-7 small-12 large-7\"  >\n\t\t\t\t<div class=\"col-inner\"  >\n\t\t\t\n\t\t\t\n\n\n  \n    <div id=\"gallery-1308087333\" class=\"row large-columns-4 medium-columns-3 small-columns-2 row-collapse row-masonry\" data-packery-options='{\"itemSelector\": \".col\", \"gutter\": 0, \"presentageWidth\" : true}'>\n\n  <div class=\"gallery-col col\" >\n          <div class=\"col-inner\">\n            <a class=\"image-lightbox lightbox-gallery\" href=\"https:\/\/mapakompresory.pl\/wp-content\/uploads\/2022\/05\/IMG_E0592-150x150.jpg\" title=\"\">            <div class=\"box has-hover gallery-box box-overlay dark\">\n              <div class=\"box-image box-shadow-1\" >\n                <img loading=\"lazy\" decoding=\"async\" width=\"300\" height=\"225\" src=\"https:\/\/mapakompresory.pl\/wp-content\/uploads\/2022\/05\/IMG_E0592-300x225.jpg\" class=\"attachment-medium size-medium\" alt=\"\" ids=\"479,480,481,482,483,484,485,486\" lightbox_image_size=\"thumbnail\" type=\"masonry\" col_spacing=\"collapse\" depth=\"1\" image_size=\"medium\" srcset=\"https:\/\/mapakompresory.pl\/wp-content\/uploads\/2022\/05\/IMG_E0592-300x225.jpg 300w, https:\/\/mapakompresory.pl\/wp-content\/uploads\/2022\/05\/IMG_E0592-1024x768.jpg 1024w, https:\/\/mapakompresory.pl\/wp-content\/uploads\/2022\/05\/IMG_E0592-768x576.jpg 768w, https:\/\/mapakompresory.pl\/wp-content\/uploads\/2022\/05\/IMG_E0592-1536x1152.jpg 1536w, https:\/\/mapakompresory.pl\/wp-content\/uploads\/2022\/05\/IMG_E0592-2048x1536.jpg 2048w\" sizes=\"(max-width: 300px) 100vw, 300px\" \/>                                  <div class=\"overlay fill\"\n                      style=\"background-color: rgba(0,0,0,.15)\">\n                  <\/div>\n                                                              <\/div>\n              <div class=\"box-text text-left\" >\n                 <p><\/p>\n              <\/div>\n            <\/div>\n            <\/a>          <\/div>\n         <\/div><div class=\"gallery-col col\" >\n          <div class=\"col-inner\">\n            <a class=\"image-lightbox lightbox-gallery\" href=\"https:\/\/mapakompresory.pl\/wp-content\/uploads\/2022\/05\/poprawione-150x150.jpg\" title=\"\">            <div class=\"box has-hover gallery-box box-overlay dark\">\n              <div class=\"box-image box-shadow-1\" >\n                <img loading=\"lazy\" decoding=\"async\" width=\"225\" height=\"300\" src=\"https:\/\/mapakompresory.pl\/wp-content\/uploads\/2022\/05\/poprawione-225x300.jpg\" class=\"attachment-medium size-medium\" alt=\"\" ids=\"479,480,481,482,483,484,485,486\" lightbox_image_size=\"thumbnail\" type=\"masonry\" col_spacing=\"collapse\" depth=\"1\" image_size=\"medium\" srcset=\"https:\/\/mapakompresory.pl\/wp-content\/uploads\/2022\/05\/poprawione-225x300.jpg 225w, https:\/\/mapakompresory.pl\/wp-content\/uploads\/2022\/05\/poprawione-768x1024.jpg 768w, https:\/\/mapakompresory.pl\/wp-content\/uploads\/2022\/05\/poprawione-1152x1536.jpg 1152w, https:\/\/mapakompresory.pl\/wp-content\/uploads\/2022\/05\/poprawione-1536x2048.jpg 1536w, https:\/\/mapakompresory.pl\/wp-content\/uploads\/2022\/05\/poprawione-scaled.jpg 1920w\" sizes=\"(max-width: 225px) 100vw, 225px\" \/>                                  <div class=\"overlay fill\"\n                      style=\"background-color: rgba(0,0,0,.15)\">\n                  <\/div>\n                                                              <\/div>\n              <div class=\"box-text text-left\" >\n                 <p><\/p>\n              <\/div>\n            <\/div>\n            <\/a>          <\/div>\n         <\/div><div class=\"gallery-col col\" >\n          <div class=\"col-inner\">\n            <a class=\"image-lightbox lightbox-gallery\" href=\"https:\/\/mapakompresory.pl\/wp-content\/uploads\/2022\/05\/IMG_E0571-150x150.jpg\" title=\"\">            <div class=\"box has-hover gallery-box box-overlay dark\">\n              <div class=\"box-image box-shadow-1\" >\n                <img loading=\"lazy\" decoding=\"async\" width=\"300\" height=\"225\" src=\"https:\/\/mapakompresory.pl\/wp-content\/uploads\/2022\/05\/IMG_E0571-300x225.jpg\" class=\"attachment-medium size-medium\" alt=\"\" ids=\"479,480,481,482,483,484,485,486\" lightbox_image_size=\"thumbnail\" type=\"masonry\" col_spacing=\"collapse\" depth=\"1\" image_size=\"medium\" srcset=\"https:\/\/mapakompresory.pl\/wp-content\/uploads\/2022\/05\/IMG_E0571-300x225.jpg 300w, https:\/\/mapakompresory.pl\/wp-content\/uploads\/2022\/05\/IMG_E0571-1024x768.jpg 1024w, https:\/\/mapakompresory.pl\/wp-content\/uploads\/2022\/05\/IMG_E0571-768x576.jpg 768w, https:\/\/mapakompresory.pl\/wp-content\/uploads\/2022\/05\/IMG_E0571-1536x1152.jpg 1536w, https:\/\/mapakompresory.pl\/wp-content\/uploads\/2022\/05\/IMG_E0571-2048x1536.jpg 2048w\" sizes=\"(max-width: 300px) 100vw, 300px\" \/>                                  <div class=\"overlay fill\"\n                      style=\"background-color: rgba(0,0,0,.15)\">\n                  <\/div>\n                                                              <\/div>\n              <div class=\"box-text text-left\" >\n                 <p><\/p>\n              <\/div>\n            <\/div>\n            <\/a>          <\/div>\n         <\/div><div class=\"gallery-col col\" >\n          <div class=\"col-inner\">\n            <a class=\"image-lightbox lightbox-gallery\" href=\"https:\/\/mapakompresory.pl\/wp-content\/uploads\/2022\/05\/1-150x150.jpg\" title=\"\">            <div class=\"box has-hover gallery-box box-overlay dark\">\n              <div class=\"box-image box-shadow-1\" >\n                <img loading=\"lazy\" decoding=\"async\" width=\"287\" height=\"300\" src=\"https:\/\/mapakompresory.pl\/wp-content\/uploads\/2022\/05\/1-287x300.jpg\" class=\"attachment-medium size-medium\" alt=\"\" ids=\"479,480,481,482,483,484,485,486\" lightbox_image_size=\"thumbnail\" type=\"masonry\" col_spacing=\"collapse\" depth=\"1\" image_size=\"medium\" srcset=\"https:\/\/mapakompresory.pl\/wp-content\/uploads\/2022\/05\/1-287x300.jpg 287w, https:\/\/mapakompresory.pl\/wp-content\/uploads\/2022\/05\/1-980x1024.jpg 980w, https:\/\/mapakompresory.pl\/wp-content\/uploads\/2022\/05\/1-768x803.jpg 768w, https:\/\/mapakompresory.pl\/wp-content\/uploads\/2022\/05\/1-1470x1536.jpg 1470w, https:\/\/mapakompresory.pl\/wp-content\/uploads\/2022\/05\/1-1959x2048.jpg 1959w\" sizes=\"(max-width: 287px) 100vw, 287px\" \/>                                  <div class=\"overlay fill\"\n                      style=\"background-color: rgba(0,0,0,.15)\">\n                  <\/div>\n                                                              <\/div>\n              <div class=\"box-text text-left\" >\n                 <p><\/p>\n              <\/div>\n            <\/div>\n            <\/a>          <\/div>\n         <\/div><div class=\"gallery-col col\" >\n          <div class=\"col-inner\">\n            <a class=\"image-lightbox lightbox-gallery\" href=\"https:\/\/mapakompresory.pl\/wp-content\/uploads\/2022\/05\/IMG_E0420-150x150.jpg\" title=\"\">            <div class=\"box has-hover gallery-box box-overlay dark\">\n              <div class=\"box-image box-shadow-1\" >\n                <img loading=\"lazy\" decoding=\"async\" width=\"225\" height=\"300\" src=\"https:\/\/mapakompresory.pl\/wp-content\/uploads\/2022\/05\/IMG_E0420-225x300.jpg\" class=\"attachment-medium size-medium\" alt=\"\" ids=\"479,480,481,482,483,484,485,486\" lightbox_image_size=\"thumbnail\" type=\"masonry\" col_spacing=\"collapse\" depth=\"1\" image_size=\"medium\" srcset=\"https:\/\/mapakompresory.pl\/wp-content\/uploads\/2022\/05\/IMG_E0420-225x300.jpg 225w, https:\/\/mapakompresory.pl\/wp-content\/uploads\/2022\/05\/IMG_E0420-768x1024.jpg 768w, https:\/\/mapakompresory.pl\/wp-content\/uploads\/2022\/05\/IMG_E0420-1152x1536.jpg 1152w, https:\/\/mapakompresory.pl\/wp-content\/uploads\/2022\/05\/IMG_E0420-1536x2048.jpg 1536w, https:\/\/mapakompresory.pl\/wp-content\/uploads\/2022\/05\/IMG_E0420-scaled.jpg 1920w\" sizes=\"(max-width: 225px) 100vw, 225px\" \/>                                  <div class=\"overlay fill\"\n                      style=\"background-color: rgba(0,0,0,.15)\">\n                  <\/div>\n                                                              <\/div>\n              <div class=\"box-text text-left\" >\n                 <p><\/p>\n              <\/div>\n            <\/div>\n            <\/a>          <\/div>\n         <\/div><div class=\"gallery-col col\" >\n          <div class=\"col-inner\">\n            <a class=\"image-lightbox lightbox-gallery\" href=\"https:\/\/mapakompresory.pl\/wp-content\/uploads\/2022\/05\/IMG_20190312_084040-150x150.jpg\" title=\"\">            <div class=\"box has-hover gallery-box box-overlay dark\">\n              <div class=\"box-image box-shadow-1\" >\n                <img loading=\"lazy\" decoding=\"async\" width=\"225\" height=\"300\" src=\"https:\/\/mapakompresory.pl\/wp-content\/uploads\/2022\/05\/IMG_20190312_084040-225x300.jpg\" class=\"attachment-medium size-medium\" alt=\"\" ids=\"479,480,481,482,483,484,485,486\" lightbox_image_size=\"thumbnail\" type=\"masonry\" col_spacing=\"collapse\" depth=\"1\" image_size=\"medium\" srcset=\"https:\/\/mapakompresory.pl\/wp-content\/uploads\/2022\/05\/IMG_20190312_084040-225x300.jpg 225w, https:\/\/mapakompresory.pl\/wp-content\/uploads\/2022\/05\/IMG_20190312_084040-768x1024.jpg 768w, https:\/\/mapakompresory.pl\/wp-content\/uploads\/2022\/05\/IMG_20190312_084040-1152x1536.jpg 1152w, https:\/\/mapakompresory.pl\/wp-content\/uploads\/2022\/05\/IMG_20190312_084040-1536x2048.jpg 1536w, https:\/\/mapakompresory.pl\/wp-content\/uploads\/2022\/05\/IMG_20190312_084040-scaled.jpg 1920w\" sizes=\"(max-width: 225px) 100vw, 225px\" \/>                                  <div class=\"overlay fill\"\n                      style=\"background-color: rgba(0,0,0,.15)\">\n                  <\/div>\n                                                              <\/div>\n              <div class=\"box-text text-left\" >\n                 <p><\/p>\n              <\/div>\n            <\/div>\n            <\/a>          <\/div>\n         <\/div><div class=\"gallery-col col\" >\n          <div class=\"col-inner\">\n            <a class=\"image-lightbox lightbox-gallery\" href=\"https:\/\/mapakompresory.pl\/wp-content\/uploads\/2022\/05\/11-150x150.jpg\" title=\"\">            <div class=\"box has-hover gallery-box box-overlay dark\">\n              <div class=\"box-image box-shadow-1\" >\n                <img loading=\"lazy\" decoding=\"async\" width=\"285\" height=\"300\" src=\"https:\/\/mapakompresory.pl\/wp-content\/uploads\/2022\/05\/11-285x300.jpg\" class=\"attachment-medium size-medium\" alt=\"\" ids=\"479,480,481,482,483,484,485,486\" lightbox_image_size=\"thumbnail\" type=\"masonry\" col_spacing=\"collapse\" depth=\"1\" image_size=\"medium\" srcset=\"https:\/\/mapakompresory.pl\/wp-content\/uploads\/2022\/05\/11-285x300.jpg 285w, https:\/\/mapakompresory.pl\/wp-content\/uploads\/2022\/05\/11.jpg 556w\" sizes=\"(max-width: 285px) 100vw, 285px\" \/>                                  <div class=\"overlay fill\"\n                      style=\"background-color: rgba(0,0,0,.15)\">\n                  <\/div>\n                                                              <\/div>\n              <div class=\"box-text text-left\" >\n                 <p><\/p>\n              <\/div>\n            <\/div>\n            <\/a>          <\/div>\n         <\/div><div class=\"gallery-col col\" >\n          <div class=\"col-inner\">\n            <a class=\"image-lightbox lightbox-gallery\" href=\"https:\/\/mapakompresory.pl\/wp-content\/uploads\/2022\/05\/IMG_0210-150x150.jpg\" title=\"\">            <div class=\"box has-hover gallery-box box-overlay dark\">\n              <div class=\"box-image box-shadow-1\" >\n                <img loading=\"lazy\" decoding=\"async\" width=\"300\" height=\"225\" src=\"https:\/\/mapakompresory.pl\/wp-content\/uploads\/2022\/05\/IMG_0210-300x225.jpg\" class=\"attachment-medium size-medium\" alt=\"\" ids=\"479,480,481,482,483,484,485,486\" lightbox_image_size=\"thumbnail\" type=\"masonry\" col_spacing=\"collapse\" depth=\"1\" image_size=\"medium\" srcset=\"https:\/\/mapakompresory.pl\/wp-content\/uploads\/2022\/05\/IMG_0210-300x225.jpg 300w, https:\/\/mapakompresory.pl\/wp-content\/uploads\/2022\/05\/IMG_0210-1024x768.jpg 1024w, https:\/\/mapakompresory.pl\/wp-content\/uploads\/2022\/05\/IMG_0210-768x576.jpg 768w, https:\/\/mapakompresory.pl\/wp-content\/uploads\/2022\/05\/IMG_0210-1536x1152.jpg 1536w, https:\/\/mapakompresory.pl\/wp-content\/uploads\/2022\/05\/IMG_0210-2048x1536.jpg 2048w\" sizes=\"(max-width: 300px) 100vw, 300px\" \/>                                  <div class=\"overlay fill\"\n                      style=\"background-color: rgba(0,0,0,.15)\">\n                  <\/div>\n                                                              <\/div>\n              <div class=\"box-text text-left\" >\n                 <p><\/p>\n              <\/div>\n            <\/div>\n            <\/a>          <\/div>\n         <\/div><\/div>\n\n\t<div id=\"text-1751285541\" class=\"text\">\n\t\t\n\n<p style=\"text-align: justify;\"><span style=\"font-weight: 400;\">W naszej ofercie posiadamy u\u017cywane spr\u0119\u017carki \u015brubowe o szerokim zakresie mocy, wydajno\u015bci oraz ci\u015bnieniu roboczym. Celem dobrania urz\u0105dzenia prosz\u0119 o kontakt.<\/span><\/p>\n\t\t\n<style>\n#text-1751285541 {\n  line-height: 1.7;\n  color: rgb(0,0,0);\n}\n#text-1751285541 > * {\n  color: rgb(0,0,0);\n}\n<\/style>\n\t<\/div>\n\t\n\n\t\t<\/div>\n\t\t\t\t\t<\/div>\n\n\t\n\n<\/div>\n\n\t\t<\/div>\n\n\t\t\n<style>\n#section_658163107 {\n  padding-top: 0px;\n  padding-bottom: 0px;\n  min-height: 500px;\n  background-color: rgb(255,255,255);\n}\n#section_658163107 .section-bg-overlay {\n  background-color: rgba(255, 255, 255, 0.267);\n}\n#section_658163107 .ux-shape-divider--top svg {\n  height: 150px;\n  --divider-top-width: 100%;\n}\n#section_658163107 .ux-shape-divider--bottom svg {\n  height: 150px;\n  --divider-width: 100%;\n}\n@media (min-width:550px) {\n  #section_658163107 {\n    min-height: 550px;\n  }\n}\n@media (min-width:850px) {\n  #section_658163107 {\n    min-height: 424px;\n  }\n}\n<\/style>\n\t<\/section>\n\t\n\t<section class=\"section\" id=\"section_659371884\">\n\t\t<div class=\"bg section-bg fill bg-fill  bg-loaded\" >\n\n\t\t\t\n\t\t\t\n\t\t\t\n\n\t\t<\/div>\n\n\t\t\n\n\t\t<div class=\"section-content relative\">\n\t\t\t\n\n<div class=\"row\"  id=\"row-1503908518\">\n\n\n\t<div id=\"col-1068124394\" class=\"col small-12 large-12\"  >\n\t\t\t\t<div class=\"col-inner\"  >\n\t\t\t\n\t\t\t\n\n<div class=\"row row-small align-center\"  id=\"row-177511946\">\n\n\n\t<div id=\"col-1743793437\" class=\"col medium-12 small-12 large-10\"  >\n\t\t\t\t<div class=\"col-inner\"  >\n\t\t\t\n\t\t\t\n\n\t<div id=\"text-460169459\" class=\"text\">\n\t\t\n\n<h2><span style=\"font-size: 100%;\">Zapraszamy na nasz kana\u0142 na YouTube z prezentacj\u0105 niekt\u00f3rych naszych maszyn.<\/span><\/h2>\n\t\t\n<style>\n#text-460169459 {\n  font-size: 0.75rem;\n  line-height: 1.9;\n}\n<\/style>\n\t<\/div>\n\t\n\n\t\t<\/div>\n\t\t\t\t\t<\/div>\n\n\t\n\n<\/div>\n\n\t\t<\/div>\n\t\t\t\t\t<\/div>\n\n\t\n\n<\/div>\n\n\t\t<\/div>\n\n\t\t\n<style>\n#section_659371884 {\n  padding-top: 33px;\n  padding-bottom: 33px;\n  background-color: rgb(244, 242, 242);\n}\n#section_659371884 .ux-shape-divider--top svg {\n  height: 150px;\n  --divider-top-width: 100%;\n}\n#section_659371884 .ux-shape-divider--bottom svg {\n  height: 150px;\n  --divider-width: 100%;\n}\n<\/style>\n\t<\/section>\n\t\n\t<section class=\"section\" id=\"section_960551581\">\n\t\t<div class=\"bg section-bg fill bg-fill  bg-loaded\" >\n\n\t\t\t\n\t\t\t\n\t\t\t\n\n\t\t<\/div>\n\n\t\t\n\n\t\t<div class=\"section-content relative\">\n\t\t\t\n\n<div class=\"row\"  id=\"row-1566220482\">\n\n\n\t<div id=\"col-701423613\" class=\"col small-12 large-12\"  >\n\t\t\t\t<div class=\"col-inner\"  >\n\t\t\t\n\t\t\t\n\n<div class=\"row row-small\" style=\"max-width:1400px\" id=\"row-389754227\">\n\n\n\t<div id=\"col-1684447742\" class=\"col medium-6 small-12 large-6\"  >\n\t\t\t\t<div class=\"col-inner\"  >\n\t\t\t\n\t\t\t\n\n<div class=\"video video-fit mb\" style=\"padding-top:56.25%;\"><iframe loading=\"lazy\" title=\"Uruchomienie spr\u0119\u017carki Kaeser SX6\" width=\"1020\" height=\"574\" src=\"https:\/\/www.youtube.com\/embed\/f1qX7G79hQc?feature=oembed\" frameborder=\"0\" allow=\"accelerometer; autoplay; clipboard-write; encrypted-media; gyroscope; picture-in-picture; web-share\" allowfullscreen><\/iframe><\/div>\n\n\n\t\t<\/div>\n\t\t\t\t\t<\/div>\n\n\t\n\n\t<div id=\"col-1684310558\" class=\"col medium-6 small-12 large-6\"  >\n\t\t\t\t<div class=\"col-inner\"  >\n\t\t\t\n\t\t\t\n\n<div class=\"video video-fit mb\" style=\"padding-top:56.25%;\"><p><iframe loading=\"lazy\" title=\"Uruchomienie spr\u0119\u017carki Kaeser Aircenter SM12\" width=\"1020\" height=\"574\" src=\"https:\/\/www.youtube.com\/embed\/_uuYaMgFM5Q?feature=oembed\" frameborder=\"0\" allow=\"accelerometer; autoplay; clipboard-write; encrypted-media; gyroscope; picture-in-picture; web-share\" allowfullscreen><\/iframe><\/p>\n<\/div>\n\n\n\t\t<\/div>\n\t\t\t\t\t<\/div>\n\n\t\n\n<\/div>\n<div class=\"row\"  id=\"row-898383681\">\n\n\n\t<div id=\"col-1320549126\" class=\"col medium-3 small-6 large-3\"  >\n\t\t\t\t<div class=\"col-inner\"  >\n\t\t\t\n\t\t\t\n\n<div class=\"video video-fit mb\" style=\"padding-top:56.25%;\"><p><iframe loading=\"lazy\" title=\"Roz\u0142adunek trzech spr\u0119\u017carek Atlas Copco\" width=\"1020\" height=\"574\" src=\"https:\/\/www.youtube.com\/embed\/fC98uO5R8PM?feature=oembed\" frameborder=\"0\" allow=\"accelerometer; autoplay; clipboard-write; encrypted-media; gyroscope; picture-in-picture; web-share\" allowfullscreen><\/iframe><\/p>\n<\/div>\n\n\n\t\t<\/div>\n\t\t\t\t\t<\/div>\n\n\t\n\n\t<div id=\"col-469083101\" class=\"col medium-3 small-6 large-3\"  >\n\t\t\t\t<div class=\"col-inner\"  >\n\t\t\t\n\t\t\t\n\n<div class=\"video video-fit mb\" style=\"padding-top:56.25%;\"><p><iframe loading=\"lazy\" title=\"Film z pracy spr\u0119zarki Kaeser CSD 82\" width=\"1020\" height=\"574\" src=\"https:\/\/www.youtube.com\/embed\/PzdInNoA8Rk?feature=oembed\" frameborder=\"0\" allow=\"accelerometer; autoplay; clipboard-write; encrypted-media; gyroscope; picture-in-picture; web-share\" allowfullscreen><\/iframe><\/p>\n<\/div>\n\n\n\t\t<\/div>\n\t\t\t\t\t<\/div>\n\n\t\n\n\t<div id=\"col-151218078\" class=\"col medium-3 small-6 large-3\"  >\n\t\t\t\t<div class=\"col-inner\"  >\n\t\t\t\n\t\t\t\n\n<div class=\"video video-fit mb\" style=\"padding-top:56.25%;\"><p><iframe loading=\"lazy\" title=\"Uruchomienie spr\u0119\u017carki Kaeser M50\" width=\"1020\" height=\"574\" src=\"https:\/\/www.youtube.com\/embed\/7I7gzmoC-eo?feature=oembed\" frameborder=\"0\" allow=\"accelerometer; autoplay; clipboard-write; encrypted-media; gyroscope; picture-in-picture; web-share\" allowfullscreen><\/iframe><\/p>\n<\/div>\n\n\n\t\t<\/div>\n\t\t\t\t\t<\/div>\n\n\t\n\n\t<div id=\"col-882652024\" class=\"col medium-3 small-6 large-3\"  >\n\t\t\t\t<div class=\"col-inner\"  >\n\t\t\t\n\t\t\t\n\n<div class=\"video video-fit mb\" style=\"padding-top:56.25%;\"><p><iframe loading=\"lazy\" title=\"Wideo z uruchomienia spr\u0119\u017carki Kaeser SK19\" width=\"1020\" height=\"574\" src=\"https:\/\/www.youtube.com\/embed\/MEs4TolmOb4?feature=oembed\" frameborder=\"0\" allow=\"accelerometer; autoplay; clipboard-write; encrypted-media; gyroscope; picture-in-picture\" allowfullscreen><\/iframe><\/p>\n<\/div>\n\n\n\t\t<\/div>\n\t\t\t\t\t<\/div>\n\n\t\n\n<\/div>\n\n\t\t<\/div>\n\t\t\t\t\n<style>\n#col-701423613 > .col-inner {\n  margin: -90px 0px 0px 0px;\n}\n<\/style>\n\t<\/div>\n\n\t\n\n<\/div>\n\n\t\t<\/div>\n\n\t\t\n<style>\n#section_960551581 {\n  padding-top: 30px;\n  padding-bottom: 30px;\n}\n#section_960551581 .ux-shape-divider--top svg {\n  height: 150px;\n  --divider-top-width: 100%;\n}\n#section_960551581 .ux-shape-divider--bottom svg {\n  height: 150px;\n  --divider-width: 100%;\n}\n<\/style>\n\t<\/section>\n\t\n\n","protected":false},"excerpt":{"rendered":"","protected":false},"author":1,"featured_media":0,"parent":0,"menu_order":0,"comment_status":"closed","ping_status":"closed","template":"","meta":{"footnotes":""},"_links":{"self":[{"href":"https:\/\/mapakompresory.pl\/index.php?rest_route=\/wp\/v2\/pages\/462"}],"collection":[{"href":"https:\/\/mapakompresory.pl\/index.php?rest_route=\/wp\/v2\/pages"}],"about":[{"href":"https:\/\/mapakompresory.pl\/index.php?rest_route=\/wp\/v2\/types\/page"}],"author":[{"embeddable":true,"href":"https:\/\/mapakompresory.pl\/index.php?rest_route=\/wp\/v2\/users\/1"}],"replies":[{"embeddable":true,"href":"https:\/\/mapakompresory.pl\/index.php?rest_route=%2Fwp%2Fv2%2Fcomments&post=462"}],"version-history":[{"count":10,"href":"https:\/\/mapakompresory.pl\/index.php?rest_route=\/wp\/v2\/pages\/462\/revisions"}],"predecessor-version":[{"id":813,"href":"https:\/\/mapakompresory.pl\/index.php?rest_route=\/wp\/v2\/pages\/462\/revisions\/813"}],"wp:attachment":[{"href":"https:\/\/mapakompresory.pl\/index.php?rest_route=%2Fwp%2Fv2%2Fmedia&parent=462"}],"curies":[{"name":"wp","href":"https:\/\/api.w.org\/{rel}","templated":true}]}}