{"id":619,"date":"2022-11-29T17:32:14","date_gmt":"2022-11-29T16:32:14","guid":{"rendered":"https:\/\/serwer2037619.home.pl\/serwer2037619\/?page_id=619"},"modified":"2022-11-29T17:54:47","modified_gmt":"2022-11-29T16:54:47","slug":"619-2","status":"publish","type":"page","link":"https:\/\/mapakompresory.pl\/?page_id=619","title":{"rendered":"Audyty"},"content":{"rendered":"\n<div class=\"slider-wrapper relative hide-for-small\" id=\"slider-521380692\" >\n    <div class=\"slider slider-nav-dots-simple slider-nav-circle slider-nav-large slider-nav-light slider-style-normal\"\n        data-flickity-options='{\n            \"cellAlign\": \"center\",\n            \"imagesLoaded\": true,\n            \"lazyLoad\": 1,\n            \"freeScroll\": false,\n            \"wrapAround\": true,\n            \"autoPlay\": 4000,\n            \"pauseAutoPlayOnHover\" : false,\n            \"prevNextButtons\": false,\n            \"contain\" : true,\n            \"adaptiveHeight\" : true,\n            \"dragThreshold\" : 10,\n            \"percentPosition\": true,\n            \"pageDots\": false,\n            \"rightToLeft\": false,\n            \"draggable\": true,\n            \"selectedAttraction\": 0.1,\n            \"parallax\" : 0,\n            \"friction\": 0.6        }'\n        >\n        \n\n<div class=\"row row-collapse row-full-width align-equal\"  id=\"row-1697028087\">\n\n\n\t<div id=\"col-1027348481\" class=\"col medium-12 small-12 large-12\"  >\n\t\t\t\t<div class=\"col-inner\"  >\n\t\t\t\n\t\t\t\n\n\t<section class=\"section dark\" id=\"section_1070046909\">\n\t\t<div class=\"bg section-bg fill bg-fill  \" >\n\n\t\t\t\n\t\t\t\n\t\t\t\n\n\t\t<\/div>\n\n\t\t\n\n\t\t<div class=\"section-content relative\">\n\t\t\t\n\n\t<div id=\"gap-996256006\" class=\"gap-element clearfix\" style=\"display:block; height:auto;\">\n\t\t\n<style>\n#gap-996256006 {\n  padding-top: 50px;\n}\n@media (min-width:550px) {\n  #gap-996256006 {\n    padding-top: 50px;\n  }\n}\n@media (min-width:850px) {\n  #gap-996256006 {\n    padding-top: 174px;\n  }\n}\n<\/style>\n\t<\/div>\n\t\n\n<div class=\"row align-center\"  id=\"row-1856849131\">\n\n\n\t<div id=\"col-328594304\" class=\"col medium-12 small-12 large-12\"  data-animate=\"fadeInUp\">\n\t\t\t\t<div class=\"col-inner\"  >\n\t\t\t\n\t\t\t\n\n\t<div id=\"text-1727670100\" class=\"text\">\n\t\t\n\n<h1><span style=\"font-size: 90%;\">Audyt nieszczelno\u015bci instalacji pneumatycznej<\/span><\/h1>\n\t\t\n<style>\n#text-1727670100 {\n  font-size: 1.8rem;\n  line-height: 1.6;\n}\n<\/style>\n\t<\/div>\n\t\n\n\t\t<\/div>\n\t\t\t\t\n<style>\n#col-328594304 > .col-inner {\n  padding: 0px 0 0px 0px;\n}\n@media (min-width:550px) {\n  #col-328594304 > .col-inner {\n    padding: 0px 100px 0px 100px;\n  }\n}\n<\/style>\n\t<\/div>\n\n\t\n\n<\/div>\n\n\t\t<\/div>\n\n\t\t\n<style>\n#section_1070046909 {\n  padding-top: 0px;\n  padding-bottom: 0px;\n  min-height: 250px;\n  background-color: rgb(71, 136, 136);\n}\n#section_1070046909 .section-bg.bg-loaded {\n  background-image: url(https:\/\/mapakompresory.pl\/wp-content\/uploads\/2022\/11\/image-2.png);\n}\n#section_1070046909 .section-bg {\n  background-position: 86% 27%;\n}\n#section_1070046909 .ux-shape-divider--top svg {\n  height: 150px;\n  --divider-top-width: 100%;\n}\n#section_1070046909 .ux-shape-divider--bottom svg {\n  height: 150px;\n  --divider-width: 100%;\n}\n@media (min-width:550px) {\n  #section_1070046909 {\n    min-height: 250px;\n  }\n}\n@media (min-width:850px) {\n  #section_1070046909 {\n    min-height: 322px;\n  }\n}\n<\/style>\n\t<\/section>\n\t\n\n\t\t<\/div>\n\t\t\t\t\t<\/div>\n\n\t\n\n\n<style>\n#row-1697028087 > .col > .col-inner {\n  padding: 0px 0px 0px 0px;\n}\n<\/style>\n<\/div>\n\n     <\/div>\n\n     <div class=\"loading-spin dark large centered\"><\/div>\n\n     \t<\/div>\n\n\n\t<section class=\"section\" id=\"section_2038595527\">\n\t\t<div class=\"bg section-bg fill bg-fill  bg-loaded\" >\n\n\t\t\t\n\t\t\t\n\t\t\t\n\n\t\t<\/div>\n\n\t\t\n\n\t\t<div class=\"section-content relative\">\n\t\t\t\n\n<div class=\"row align-middle\" style=\"max-width:1301px\" id=\"row-1987463616\">\n\n\n\t<div id=\"col-491482087\" class=\"col medium-11 small-12 large-9\"  >\n\t\t\t\t<div class=\"col-inner\"  >\n\t\t\t\n\t\t\t\n\n<p style=\"text-align: justify;\"><span style=\"font-size: 120%;\">Detekcja nieszczelno\u015bci instalacji ma na celu pokaza\u0107 wszystkie nieszczelno\u015bci na instalacji, przez kt\u00f3re mo\u017ce ucieka\u0107 powietrze i prowadzi\u0107 do znacznych strat nie tylko powietrza, a tak\u017ce finansowych dla przedsi\u0119biorstwa. Do sprawdzenia szczelno\u015bci instalacji u\u017cywane jest profesjonalne urz\u0105dzenie, kt\u00f3re wykryje nawet najmniejsze ubytki powietrza.&nbsp;<\/span><\/p>\n<p style=\"text-align: justify;\"><span style=\"font-size: 115%;\"><strong>Jakie s\u0105 potencjalne oszcz\u0119dno\u015bci na naprawie wyciek\u00f3w:<\/strong><\/span><\/p>\n<p style=\"text-align: justify;\"><span style=\"font-size: 115%;\">Przez otw\u00f3r o \u015brednicy 1 mm wycieka w ci\u0105gu jednej minuty 60 litr\u00f3w spr\u0119\u017conego powietrza. Oznacza to, \u017ce po godzinie \u201edzia\u0142ania\u201d takiego wycieku tracimy oko\u0142o 3 kWh energii. B\u0119dzie to oko\u0142o 1,20 z\u0142. Je\u015bli jednak zak\u0142ad pracuje na dwie lub trzy zmiany, to straty wynosz\u0105 4000 do 8000 z\u0142.<\/span><\/p>\n\n\t\t<\/div>\n\t\t\t\t\n<style>\n#col-491482087 > .col-inner {\n  padding: 0px 0 0px 0px;\n}\n@media (min-width:550px) {\n  #col-491482087 > .col-inner {\n    padding: 19px 0px 0px 0px;\n  }\n}\n<\/style>\n\t<\/div>\n\n\t\n\n\t<div id=\"col-118217487\" class=\"col medium-3 small-12 large-3\"  >\n\t\t\t\t<div class=\"col-inner\"  >\n\t\t\t\n\t\t\t\n\n\t<div class=\"img has-hover x md-x lg-x y md-y lg-y\" id=\"image_369957916\">\n\t\t\t\t\t\t\t\t<div class=\"img-inner dark\" >\n\t\t\t<img loading=\"lazy\" decoding=\"async\" width=\"350\" height=\"427\" src=\"https:\/\/mapakompresory.pl\/wp-content\/uploads\/2022\/11\/pistolettt.jpg\" class=\"attachment-large size-large\" alt=\"\" srcset=\"https:\/\/mapakompresory.pl\/wp-content\/uploads\/2022\/11\/pistolettt.jpg 350w, https:\/\/mapakompresory.pl\/wp-content\/uploads\/2022\/11\/pistolettt-246x300.jpg 246w\" sizes=\"(max-width: 350px) 100vw, 350px\" \/>\t\t\t\t\t\t\n\t\t\t\t\t<\/div>\n\t\t\t\t\t\t\t\t\n<style>\n#image_369957916 {\n  width: 100%;\n}\n<\/style>\n\t<\/div>\n\t\n\n<p>&nbsp; &nbsp; &nbsp; &nbsp; &nbsp; &nbsp; Detektor wyciek\u00f3w<\/p>\n\n\t\t<\/div>\n\t\t\t\t\t<\/div>\n\n\t\n\n\n<style>\n#row-1987463616 > .col > .col-inner {\n  padding: 0px 0px 0px 0px;\n}\n<\/style>\n<\/div>\n<div class=\"row\"  id=\"row-553127674\">\n\n\n\t<div id=\"col-1156131383\" class=\"col medium-6 small-12 large-6\"  >\n\t\t\t\t<div class=\"col-inner\"  >\n\t\t\t\n\t\t\t\n\n\t<div class=\"img has-hover x md-x lg-x y md-y lg-y\" id=\"image_540646707\">\n\t\t\t\t\t\t\t\t<div class=\"img-inner dark\" >\n\t\t\t<img loading=\"lazy\" decoding=\"async\" width=\"688\" height=\"255\" src=\"https:\/\/mapakompresory.pl\/wp-content\/uploads\/2022\/11\/tabelka.jpg\" class=\"attachment-large size-large\" alt=\"\" srcset=\"https:\/\/mapakompresory.pl\/wp-content\/uploads\/2022\/11\/tabelka.jpg 688w, https:\/\/mapakompresory.pl\/wp-content\/uploads\/2022\/11\/tabelka-300x111.jpg 300w\" sizes=\"(max-width: 688px) 100vw, 688px\" \/>\t\t\t\t\t\t\n\t\t\t\t\t<\/div>\n\t\t\t\t\t\t\t\t\n<style>\n#image_540646707 {\n  width: 100%;\n}\n<\/style>\n\t<\/div>\n\t\n\n\n\t\t<\/div>\n\t\t\t\t\t<\/div>\n\n\t\n\n\t<div id=\"col-2103335498\" class=\"col medium-6 small-12 large-6\"  >\n\t\t\t\t<div class=\"col-inner\"  >\n\t\t\t\n\t\t\t\n\n<p style=\"text-align: justify;\"><span style=\"font-size: 115%;\">To by\u0142 obraz teoretyczny. Obraz praktyczny jest taki, \u017ce \u015brednia skala wyciek\u00f3w spr\u0119\u017conego powietrza w zak\u0142adach przemys\u0142owych to 25 do 30% ca\u0142kowitej \u201eprodukcji\u201d spr\u0119\u017conego powietrza. Je\u015bli zatem zak\u0142ad posiada kompresor o mocy 45 kW to 15 kWh energii jest marnowane na wycieki. Ile to kosztuje? Od 20 000 do 50 000 z\u0142 rocznie w zale\u017cno\u015bci od systemu pracy zak\u0142adu i ceny pr\u0105du.<\/span><\/p>\n\n\t\t<\/div>\n\t\t\t\t\t<\/div>\n\n\t\n\n<\/div>\n\n\t\t<\/div>\n\n\t\t\n<style>\n#section_2038595527 {\n  padding-top: 0px;\n  padding-bottom: 0px;\n}\n#section_2038595527 .ux-shape-divider--top svg {\n  height: 150px;\n  --divider-top-width: 100%;\n}\n#section_2038595527 .ux-shape-divider--bottom svg {\n  height: 150px;\n  --divider-width: 100%;\n}\n<\/style>\n\t<\/section>\n\t\n<p style=\"text-align: justify;\"><span style=\"font-size: 120%;\"><u>Co zawiera us\u0142uga:<\/u><\/span><\/p>\n<ul style=\"text-align: justify;\">\n<li><span style=\"font-size: 120%;\">Zbadanie ca\u0142ej dost\u0119pnej instalacji spr\u0119\u017conego powietrza za pomoc\u0105 detektora ultrad\u017awi\u0119kowego i oznaczenie miejsc wyciek\u00f3w.<\/span><\/li>\n<li><span style=\"font-size: 120%;\">Wyszukanie potencjalnych miejsc za spadkami ci\u015bnie\u0144<\/span><\/li>\n<li><span style=\"font-size: 120%;\">Przegl\u0105d wykorzystywanych urz\u0105dze\u0144 i zweryfikowanie zb\u0119dnych odbior\u00f3w<\/span><\/li>\n<li><span style=\"font-size: 120%;\">Przygotowanie raportu z audytu zawieraj\u0105cego:<\/span><\/li>\n<li><span style=\"font-size: 120%;\">Zdj\u0119cia punkt\u00f3w na instalacji, w kt\u00f3rych wykryto nieszczelno\u015b\u0107 z przedstawieniem planu naprawczego<\/span><\/li>\n<li><span style=\"font-size: 120%;\">Oszacowanie strat na wyciekach<\/span><\/li>\n<li><span style=\"font-size: 120%;\">Zdj\u0119cia z zaznaczonymi miejscami, w kt\u00f3rych wyst\u0119puj\u0105 znaczne spadki ci\u015bnienia z opisem zalece\u0144, co do ich likwidacji<\/span><\/li>\n<li><span style=\"font-size: 120%;\">Opis zalece\u0144 zwi\u0105zanych z ewentualn\u0105 rozbudow\u0105 instalacji w celu zwi\u0119kszenia przepustowo\u015bci<\/span><\/li>\n<\/ul>\n<p style=\"text-align: justify;\"><span style=\"font-size: 120%;\">Czas przeprowadzenie us\u0142ugi jest zale\u017cny od d\u0142ugo\u015bci instalacji spr\u0119\u017conego powietrza. Badanie wykonywane jest detektorem ultrad\u017awi\u0119kowym, kt\u00f3ry wyszukuje nieszczelno\u015bci za pomoc\u0105 fal d\u017awi\u0119kowych. W zwi\u0105zku z tym, aby badanie zosta\u0142o przeprowadzone skutecznie, musi zosta\u0107 przeprowadzone w momencie, w kt\u00f3rym zak\u0142ad nie pracuje. Po wykonaniu audytu w ci\u0105gu 7 dni odsy\u0142am Pa\u0144stwu gotowy raport. Po zapoznaniu si\u0119 z nim, pozostaj\u0119 do Pa\u0144stwa dyspozycji w celu odpowiedzi na ewentualne pytania.<\/span><\/p>\n\n","protected":false},"excerpt":{"rendered":"","protected":false},"author":1,"featured_media":0,"parent":0,"menu_order":0,"comment_status":"closed","ping_status":"closed","template":"","meta":{"footnotes":""},"_links":{"self":[{"href":"https:\/\/mapakompresory.pl\/index.php?rest_route=\/wp\/v2\/pages\/619"}],"collection":[{"href":"https:\/\/mapakompresory.pl\/index.php?rest_route=\/wp\/v2\/pages"}],"about":[{"href":"https:\/\/mapakompresory.pl\/index.php?rest_route=\/wp\/v2\/types\/page"}],"author":[{"embeddable":true,"href":"https:\/\/mapakompresory.pl\/index.php?rest_route=\/wp\/v2\/users\/1"}],"replies":[{"embeddable":true,"href":"https:\/\/mapakompresory.pl\/index.php?rest_route=%2Fwp%2Fv2%2Fcomments&post=619"}],"version-history":[{"count":8,"href":"https:\/\/mapakompresory.pl\/index.php?rest_route=\/wp\/v2\/pages\/619\/revisions"}],"predecessor-version":[{"id":634,"href":"https:\/\/mapakompresory.pl\/index.php?rest_route=\/wp\/v2\/pages\/619\/revisions\/634"}],"wp:attachment":[{"href":"https:\/\/mapakompresory.pl\/index.php?rest_route=%2Fwp%2Fv2%2Fmedia&parent=619"}],"curies":[{"name":"wp","href":"https:\/\/api.w.org\/{rel}","templated":true}]}}